{"id":8328,"date":"2023-02-08T17:24:28","date_gmt":"2023-02-08T17:24:28","guid":{"rendered":"https:\/\/trema.cl\/dental\/producto\/oralgene-clorhexidina-0-12-botella-500-ml-maver\/"},"modified":"2026-03-10T10:29:25","modified_gmt":"2026-03-10T13:29:25","slug":"oralgene-clorhexidina-0-12-botella-500-ml-maver","status":"publish","type":"product","link":"https:\/\/trema.cl\/dental\/producto\/oralgene-clorhexidina-0-12-botella-500-ml-maver\/","title":{"rendered":"Oralgene Clorhexidina 0.12% Botella 500 ml.   MAVER"},"content":{"rendered":"<p style=\"text-align: left\"><strong>Oralgene Clorhexidina 0,12%.\u00a0<\/strong><\/p>\n<p style=\"text-align: left\">Indicaciones:<\/p>\n<ul style=\"text-align: left\">\n<li>Higiene oral y prevenci\u00f3n de caries y halitosis.<\/li>\n<li>Para desinfecci\u00f3n de la cavidad bucofar\u00edngea.<\/li>\n<li>Para prevenir infecciones despu\u00e9s de intervenciones odontol\u00f3gicas.<\/li>\n<li>Prevenci\u00f3n de infecci\u00f3n secundaria bacteriana o mic\u00f3tica de lesiones bucofar\u00edngeas de origen herp\u00e9tico.<\/li>\n<\/ul>\n<p style=\"text-align: left\">Modo de uso:<\/p>\n<ul style=\"text-align: left\">\n<li>Enjuagar con 15 ml. 2 a 3 veces al d\u00eda despu\u00e9s de cepillar los dientes.<\/li>\n<li>Enjuagar la boca o hacer gargaras con la soluci\u00f3n diluida durante 20 a 30 segundos.<\/li>\n<li>No ingerir.<\/li>\n<\/ul>\n<p style=\"text-align: left\">Siempre consultar con un profesional antes de usar.<\/p>\n","protected":false},"excerpt":{"rendered":"<p>&nbsp;<\/p>\n<p><img decoding=\"async\" class=\"\" src=\"http:\/\/www.mamushka.cl\/img\/LOGO%20MAVER%20CON%20SLOGAN%202.png\" alt=\"Oralgene 1% Gel Pomo 60Gr. Maver \u2013 TREMA DENTAL CHILE\" width=\"293\" height=\"75\" \/>\u00a0 \u00a0 \u00a0 \u00a0 \u00a0 \u00a0 \u00a0 \u00a0 \u00a0 \u00a0 \u00a0 \u00a0 \u00a0 \u00a0 \u00a0 \u00a0 \u00a0 \u00a0 \u00a0 \u00a0 \u00a0 \u00a0 \u00a0 \u00a0 \u00a0 \u00a0 \u00a0 \u00a0 \u00a0 \u00a0 <img fetchpriority=\"high\" decoding=\"async\" class=\"aligncenter\" src=\"https:\/\/t4.ftcdn.net\/jpg\/00\/48\/74\/99\/360_F_48749995_hEfgHPhJso1glEgal46nPDumA53OSb3z.jpg\" alt=\"Precio Especial Stock Vector | Adobe Stock\" width=\"493\" height=\"176\" \/><\/p>\n","protected":false},"featured_media":8327,"template":"","meta":{"ocean_post_layout":"","ocean_both_sidebars_style":"","ocean_both_sidebars_content_width":0,"ocean_both_sidebars_sidebars_width":0,"ocean_sidebar":"0","ocean_second_sidebar":"0","ocean_disable_margins":"enable","ocean_add_body_class":"","ocean_shortcode_before_top_bar":"","ocean_shortcode_after_top_bar":"","ocean_shortcode_before_header":"","ocean_shortcode_after_header":"","ocean_has_shortcode":"","ocean_shortcode_after_title":"","ocean_shortcode_before_footer_widgets":"","ocean_shortcode_after_footer_widgets":"","ocean_shortcode_before_footer_bottom":"","ocean_shortcode_after_footer_bottom":"","ocean_display_top_bar":"default","ocean_display_header":"default","ocean_header_style":"","ocean_center_header_left_menu":"0","ocean_custom_header_template":"0","ocean_custom_logo":0,"ocean_custom_retina_logo":0,"ocean_custom_logo_max_width":0,"ocean_custom_logo_tablet_max_width":0,"ocean_custom_logo_mobile_max_width":0,"ocean_custom_logo_max_height":0,"ocean_custom_logo_tablet_max_height":0,"ocean_custom_logo_mobile_max_height":0,"ocean_header_custom_menu":"0","ocean_menu_typo_font_family":"0","ocean_menu_typo_font_subset":"","ocean_menu_typo_font_size":0,"ocean_menu_typo_font_size_tablet":0,"ocean_menu_typo_font_size_mobile":0,"ocean_menu_typo_font_size_unit":"px","ocean_menu_typo_font_weight":"","ocean_menu_typo_font_weight_tablet":"","ocean_menu_typo_font_weight_mobile":"","ocean_menu_typo_transform":"","ocean_menu_typo_transform_tablet":"","ocean_menu_typo_transform_mobile":"","ocean_menu_typo_line_height":0,"ocean_menu_typo_line_height_tablet":0,"ocean_menu_typo_line_height_mobile":0,"ocean_menu_typo_line_height_unit":"","ocean_menu_typo_spacing":0,"ocean_menu_typo_spacing_tablet":0,"ocean_menu_typo_spacing_mobile":0,"ocean_menu_typo_spacing_unit":"","ocean_menu_link_color":"","ocean_menu_link_color_hover":"","ocean_menu_link_color_active":"","ocean_menu_link_background":"","ocean_menu_link_hover_background":"","ocean_menu_link_active_background":"","ocean_menu_social_links_bg":"","ocean_menu_social_hover_links_bg":"","ocean_menu_social_links_color":"","ocean_menu_social_hover_links_color":"","ocean_disable_title":"default","ocean_disable_heading":"default","ocean_post_title":"","ocean_post_subheading":"","ocean_post_title_style":"","ocean_post_title_background_color":"","ocean_post_title_background":0,"ocean_post_title_bg_image_position":"","ocean_post_title_bg_image_attachment":"","ocean_post_title_bg_image_repeat":"","ocean_post_title_bg_image_size":"","ocean_post_title_height":0,"ocean_post_title_bg_overlay":0.5,"ocean_post_title_bg_overlay_color":"","ocean_disable_breadcrumbs":"default","ocean_breadcrumbs_color":"","ocean_breadcrumbs_separator_color":"","ocean_breadcrumbs_links_color":"","ocean_breadcrumbs_links_hover_color":"","ocean_display_footer_widgets":"default","ocean_display_footer_bottom":"default","ocean_custom_footer_template":"0"},"pwb-brand":[35],"product_brand":[],"product_cat":[47,126,51],"product_tag":[],"class_list":{"0":"post-8328","1":"product","2":"type-product","3":"status-publish","4":"has-post-thumbnail","6":"pwb-brand-laboratorios-maver","7":"product_cat-higiene-dental","8":"product_cat-oferta-solo-web","9":"product_cat-peridoncia","11":"entry","12":"has-media","14":"first","15":"instock","16":"sale","17":"shipping-taxable","18":"purchasable","19":"product-type-simple","20":"has-product-nav","21":"col","22":"span_1_of_3","23":"owp-content-center","24":"owp-thumbs-layout-horizontal","25":"owp-btn-normal","26":"owp-tabs-layout-horizontal","27":"has-no-thumbnails"},"brands":[{"id":35,"name":"MAVER","slug":"laboratorios-maver"}],"_links":{"self":[{"href":"https:\/\/trema.cl\/dental\/wp-json\/wp\/v2\/product\/8328","targetHints":{"allow":["GET"]}}],"collection":[{"href":"https:\/\/trema.cl\/dental\/wp-json\/wp\/v2\/product"}],"about":[{"href":"https:\/\/trema.cl\/dental\/wp-json\/wp\/v2\/types\/product"}],"version-history":[{"count":6,"href":"https:\/\/trema.cl\/dental\/wp-json\/wp\/v2\/product\/8328\/revisions"}],"predecessor-version":[{"id":17802,"href":"https:\/\/trema.cl\/dental\/wp-json\/wp\/v2\/product\/8328\/revisions\/17802"}],"wp:featuredmedia":[{"embeddable":true,"href":"https:\/\/trema.cl\/dental\/wp-json\/wp\/v2\/media\/8327"}],"wp:attachment":[{"href":"https:\/\/trema.cl\/dental\/wp-json\/wp\/v2\/media?parent=8328"}],"wp:term":[{"taxonomy":"pwb-brand","embeddable":true,"href":"https:\/\/trema.cl\/dental\/wp-json\/wp\/v2\/pwb-brand?post=8328"},{"taxonomy":"product_brand","embeddable":true,"href":"https:\/\/trema.cl\/dental\/wp-json\/wp\/v2\/product_brand?post=8328"},{"taxonomy":"product_cat","embeddable":true,"href":"https:\/\/trema.cl\/dental\/wp-json\/wp\/v2\/product_cat?post=8328"},{"taxonomy":"product_tag","embeddable":true,"href":"https:\/\/trema.cl\/dental\/wp-json\/wp\/v2\/product_tag?post=8328"}],"curies":[{"name":"wp","href":"https:\/\/api.w.org\/{rel}","templated":true}]}}