{"id":7604,"date":"2023-02-08T17:18:18","date_gmt":"2023-02-08T20:18:18","guid":{"rendered":"https:\/\/trema.cl\/dental\/producto\/admira-fusin-material-para-restauracin-de-ormocer-nano-hbrido-tipo-universal-voco\/"},"modified":"2026-04-29T11:14:49","modified_gmt":"2026-04-29T14:14:49","slug":"admira-fusion-material-para-restauracin-de-ormocer-nano-hbrido-tipo-universal-voco","status":"publish","type":"product","link":"https:\/\/trema.cl\/dental\/producto\/admira-fusion-material-para-restauracin-de-ormocer-nano-hbrido-tipo-universal-voco\/","title":{"rendered":"Composite a Base de ORMOCER Admira Fusi\u00f3n Ref. 2750 VOCO"},"content":{"rendered":"<p><strong>Material de restauraci\u00f3n nano-h\u00edbrido universal.<\/strong><\/p>\n<ul>\n<li class=\"enumeration textOverflow\">Obturaciones de las clases I a V.<\/li>\n<li class=\"enumeration textOverflow\">Al utilizarlo como base de obturaci\u00f3n en cavidades de las clases I y II.<\/li>\n<li class=\"enumeration textOverflow\">Reconstrucci\u00f3n de dientes anteriores traum\u00e1ticamente deteriorados.<\/li>\n<li>Ferulizaci\u00f3n de dientes m\u00f3viles .<\/li>\n<li>Reparacicones de carillas obturaciones de dientes primarios.<\/li>\n<li>Compatible con todos los adhesivos convencionales. <img decoding=\"async\" class=\"\" src=\"https:\/\/volusiaflaglerdental.org\/wp-content\/uploads\/2015\/11\/voco.png\" alt=\"Grandioso Heavy Flow \u2013 TREMA DENTAL CHILE\" width=\"227\" height=\"85\" \/><\/li>\n<\/ul>\n","protected":false},"excerpt":{"rendered":"<p>Unidad: Set.<\/p>\n<p><img decoding=\"async\" class=\"\" src=\"https:\/\/volusiaflaglerdental.org\/wp-content\/uploads\/2015\/11\/voco.png\" alt=\"Grandioso Heavy Flow \u2013 TREMA DENTAL CHILE\" width=\"227\" height=\"85\" \/> <img decoding=\"async\" class=\"\" src=\"https:\/\/www.voco.dental\/es\/portaldata\/1\/resources\/products\/symbols\/awards\/dental-industry-awards-2015_fmc_gb.jpg\" alt=\"Award15\" width=\"101\" height=\"99\" \/>\u00a0 \u00a0 <img decoding=\"async\" class=\"\" src=\"https:\/\/www.voco.dental\/es\/portaldata\/1\/resources\/products\/symbols\/awards\/dental-advisor-e-c_awd_4.5_gb.jpg\" alt=\"Award5\" width=\"101\" height=\"101\" \/>\u00a0 \u00a0 <img loading=\"lazy\" decoding=\"async\" class=\"\" src=\"https:\/\/www.voco.dental\/es\/portaldata\/1\/resources\/products\/symbols\/awards\/dental-product-shopper_awd_best-product_gb.jpg\" alt=\"Award7\" width=\"142\" height=\"82\" \/>\u00a0 \u00a0 <img loading=\"lazy\" decoding=\"async\" class=\"\" src=\"https:\/\/www.voco.dental\/es\/portaldata\/1\/resources\/products\/symbols\/awards\/dental-advisor_awd_clinical-problem-solvers_gb.jpg\" alt=\"Award4\" width=\"151\" height=\"84\" \/><\/p>\n<p>&nbsp;<\/p>\n<p><strong><img decoding=\"async\" class=\"aligncenter\" src=\"https:\/\/files.123inventatuweb.com\/acens224026\/image\/boton.png\" alt=\"Contacto\" \/>\u00a0 \u00a0 \u00a0 \u00a0 \u00a0 \u00a0 \u00a0 \u00a0 \u00a0<\/strong><\/p>\n<h2 style=\"text-align: center\">trema@trema.c<\/h2>\n<p><strong>\u00a0<\/strong><\/p>\n","protected":false},"featured_media":9090,"template":"","meta":{"ocean_post_layout":"","ocean_both_sidebars_style":"","ocean_both_sidebars_content_width":0,"ocean_both_sidebars_sidebars_width":0,"ocean_sidebar":"","ocean_second_sidebar":"","ocean_disable_margins":"enable","ocean_add_body_class":"","ocean_shortcode_before_top_bar":"","ocean_shortcode_after_top_bar":"","ocean_shortcode_before_header":"","ocean_shortcode_after_header":"","ocean_has_shortcode":"","ocean_shortcode_after_title":"","ocean_shortcode_before_footer_widgets":"","ocean_shortcode_after_footer_widgets":"","ocean_shortcode_before_footer_bottom":"","ocean_shortcode_after_footer_bottom":"","ocean_display_top_bar":"default","ocean_display_header":"default","ocean_header_style":"","ocean_center_header_left_menu":"","ocean_custom_header_template":"","ocean_custom_logo":0,"ocean_custom_retina_logo":0,"ocean_custom_logo_max_width":0,"ocean_custom_logo_tablet_max_width":0,"ocean_custom_logo_mobile_max_width":0,"ocean_custom_logo_max_height":0,"ocean_custom_logo_tablet_max_height":0,"ocean_custom_logo_mobile_max_height":0,"ocean_header_custom_menu":"","ocean_menu_typo_font_family":"","ocean_menu_typo_font_subset":"","ocean_menu_typo_font_size":0,"ocean_menu_typo_font_size_tablet":0,"ocean_menu_typo_font_size_mobile":0,"ocean_menu_typo_font_size_unit":"px","ocean_menu_typo_font_weight":"","ocean_menu_typo_font_weight_tablet":"","ocean_menu_typo_font_weight_mobile":"","ocean_menu_typo_transform":"","ocean_menu_typo_transform_tablet":"","ocean_menu_typo_transform_mobile":"","ocean_menu_typo_line_height":0,"ocean_menu_typo_line_height_tablet":0,"ocean_menu_typo_line_height_mobile":0,"ocean_menu_typo_line_height_unit":"","ocean_menu_typo_spacing":0,"ocean_menu_typo_spacing_tablet":0,"ocean_menu_typo_spacing_mobile":0,"ocean_menu_typo_spacing_unit":"","ocean_menu_link_color":"","ocean_menu_link_color_hover":"","ocean_menu_link_color_active":"","ocean_menu_link_background":"","ocean_menu_link_hover_background":"","ocean_menu_link_active_background":"","ocean_menu_social_links_bg":"","ocean_menu_social_hover_links_bg":"","ocean_menu_social_links_color":"","ocean_menu_social_hover_links_color":"","ocean_disable_title":"default","ocean_disable_heading":"default","ocean_post_title":"","ocean_post_subheading":"","ocean_post_title_style":"","ocean_post_title_background_color":"","ocean_post_title_background":0,"ocean_post_title_bg_image_position":"","ocean_post_title_bg_image_attachment":"","ocean_post_title_bg_image_repeat":"","ocean_post_title_bg_image_size":"","ocean_post_title_height":0,"ocean_post_title_bg_overlay":0.5,"ocean_post_title_bg_overlay_color":"","ocean_disable_breadcrumbs":"default","ocean_breadcrumbs_color":"","ocean_breadcrumbs_separator_color":"","ocean_breadcrumbs_links_color":"","ocean_breadcrumbs_links_hover_color":"","ocean_display_footer_widgets":"default","ocean_display_footer_bottom":"default","ocean_custom_footer_template":""},"pwb-brand":[40],"product_brand":[],"product_cat":[64,53],"product_tag":[],"class_list":{"0":"post-7604","1":"product","2":"type-product","3":"status-publish","4":"has-post-thumbnail","6":"pwb-brand-voco","7":"product_cat-operatoria","8":"product_cat-restauracion","10":"entry","11":"has-media","13":"first","14":"instock","15":"shipping-taxable","16":"purchasable","17":"product-type-simple","18":"has-product-nav","19":"col","20":"span_1_of_3","21":"owp-content-center","22":"owp-thumbs-layout-horizontal","23":"owp-btn-normal","24":"owp-tabs-layout-horizontal","25":"has-no-thumbnails"},"brands":[{"id":40,"name":"VOCO","slug":"voco"}],"_links":{"self":[{"href":"https:\/\/trema.cl\/dental\/wp-json\/wp\/v2\/product\/7604","targetHints":{"allow":["GET"]}}],"collection":[{"href":"https:\/\/trema.cl\/dental\/wp-json\/wp\/v2\/product"}],"about":[{"href":"https:\/\/trema.cl\/dental\/wp-json\/wp\/v2\/types\/product"}],"version-history":[{"count":8,"href":"https:\/\/trema.cl\/dental\/wp-json\/wp\/v2\/product\/7604\/revisions"}],"predecessor-version":[{"id":16496,"href":"https:\/\/trema.cl\/dental\/wp-json\/wp\/v2\/product\/7604\/revisions\/16496"}],"wp:featuredmedia":[{"embeddable":true,"href":"https:\/\/trema.cl\/dental\/wp-json\/wp\/v2\/media\/9090"}],"wp:attachment":[{"href":"https:\/\/trema.cl\/dental\/wp-json\/wp\/v2\/media?parent=7604"}],"wp:term":[{"taxonomy":"pwb-brand","embeddable":true,"href":"https:\/\/trema.cl\/dental\/wp-json\/wp\/v2\/pwb-brand?post=7604"},{"taxonomy":"product_brand","embeddable":true,"href":"https:\/\/trema.cl\/dental\/wp-json\/wp\/v2\/product_brand?post=7604"},{"taxonomy":"product_cat","embeddable":true,"href":"https:\/\/trema.cl\/dental\/wp-json\/wp\/v2\/product_cat?post=7604"},{"taxonomy":"product_tag","embeddable":true,"href":"https:\/\/trema.cl\/dental\/wp-json\/wp\/v2\/product_tag?post=7604"}],"curies":[{"name":"wp","href":"https:\/\/api.w.org\/{rel}","templated":true}]}}