{"id":17714,"date":"2026-01-30T12:27:15","date_gmt":"2026-01-30T15:27:15","guid":{"rendered":"https:\/\/trema.cl\/dental\/?post_type=product&#038;p=17714"},"modified":"2026-04-01T11:17:28","modified_gmt":"2026-04-01T14:17:28","slug":"guante-examen-nitrilo-libre-de-polvo-xs-tresor","status":"publish","type":"product","link":"https:\/\/trema.cl\/dental\/producto\/guante-examen-nitrilo-libre-de-polvo-xs-tresor\/","title":{"rendered":"Guante Examen Nitrilo Libre de Polvo XS Tresor"},"content":{"rendered":"<h2 class=\"otQkpb\" style=\"text-align: left\" role=\"heading\" data-processed=\"true\" data-complete=\"true\">Caracter\u00edsticas Principales<button class=\"rBl3me\" data-amic=\"true\" data-icl-uuid=\"46ec78b6-a543-469f-8653-ee037e4da4b8\" aria-label=\"Ver v\u00ednculos relacionados\" data-wiz-attrbind=\"disabled=lJJAYc_l\/C5gNJc;aria-label=lJJAYc_l\/bOjMyf;class=lJJAYc_l\/UpSNec\" data-ved=\"2ahUKEwiCotuGybOSAxUAqpUCHdXPGKoQye0OegQIAxAA\"><\/button><\/h2>\n<ul class=\"KsbFXc U6u95\" data-complete=\"true\" data-processed=\"true\">\n<li style=\"text-align: left\" data-hveid=\"CAQQAA\" data-complete=\"true\" data-sae=\"\"><span class=\"T286Pc\" data-sfc-cp=\"\" data-complete=\"true\"><strong class=\"Yjhzub\" data-complete=\"true\">Material<\/strong>: Fabricado con nitrilo sint\u00e9tico, lo que los hace libres de l\u00e1tex y adecuados para personas con alergias cut\u00e1neas.<\/span><\/li>\n<li style=\"text-align: left\" data-hveid=\"CAQQAQ\" data-complete=\"true\" data-sae=\"\"><span class=\"T286Pc\" data-sfc-cp=\"\" data-complete=\"true\"><strong class=\"Yjhzub\" data-complete=\"true\">Ausencia de Polvo<\/strong>: Son guantes sin polvo, con niveles muy bajos (menos de 1 mg por guante, seg\u00fan\u00a0<span data-sfc-cp=\"\" data-complete=\"true\"><a class=\"H23r4e\" href=\"https:\/\/www.reutter.cl\/fichas\/guante-examen-nitrilo-azul-cobalto-ficha-1_1.pdf\" target=\"_blank\" rel=\"noopener\" data-hveid=\"CAQQAg\">Reutter S.A.<\/a><\/span>), lo que aumenta la bioseguridad.<\/span><\/li>\n<li style=\"text-align: left\" data-hveid=\"CAQQAw\" data-complete=\"true\" data-sae=\"\"><span class=\"T286Pc\" data-sfc-cp=\"\" data-complete=\"true\"><strong class=\"Yjhzub\" data-complete=\"true\">Esterilidad<\/strong>: Son\u00a0<strong class=\"Yjhzub\" data-complete=\"true\">no est\u00e9riles<\/strong>\u00a0y est\u00e1n dise\u00f1ados para un solo uso (descartables).<\/span><\/li>\n<li style=\"text-align: left\" data-hveid=\"CAQQBA\" data-complete=\"true\" data-sae=\"\"><span class=\"T286Pc\" data-sfc-cp=\"\" data-complete=\"true\"><strong class=\"Yjhzub\" data-complete=\"true\">Dise\u00f1o<\/strong>: Cuentan con un dise\u00f1o anat\u00f3mico, textura suave para un calce c\u00f3modo y dedos microtexturados para un mejor agarre.<\/span><\/li>\n<li style=\"text-align: left\" data-hveid=\"CAQQBQ\" data-complete=\"true\" data-sae=\"\"><span class=\"T286Pc\" data-sfc-cp=\"\" data-complete=\"true\"><strong class=\"Yjhzub\" data-complete=\"true\">Protecci\u00f3n<\/strong>: Ofrecen una barrera efectiva contra riesgos biol\u00f3gicos y qu\u00edmicos.<\/span><\/li>\n<li style=\"text-align: left\" data-hveid=\"CAQQBg\" data-complete=\"true\" data-sae=\"\"><span class=\"T286Pc\" data-sfc-cp=\"\" data-complete=\"true\"><strong class=\"Yjhzub\" data-complete=\"true\">Durabilidad<\/strong>: Poseen buena elasticidad, flexibilidad y un mejor efecto memoria en comparaci\u00f3n con otros est\u00e1ndares, adem\u00e1s de ser resistentes a pinchazos y abrasiones.<\/span><span class=\"uJ19be notranslate\" data-wiz-uids=\"lJJAYc_1b,lJJAYc_1c\" data-complete=\"true\"><span class=\"vKEkVd\" data-animation-atomic=\"\" data-wiz-attrbind=\"class=lJJAYc_1a\/TKHnVd\" data-sae=\"\">\u00a0<\/span><\/span><\/li>\n<\/ul>\n","protected":false},"excerpt":{"rendered":"<p><img decoding=\"async\" src=\"https:\/\/dojiw2m9tvv09.cloudfront.net\/71062\/brand\/tresor1918.jpg\" alt=\"GUANTE EX. NITRILO L\/P AZUL TRESOR M X100 | PABEL, Aseo y Limpieza\" \/><\/p>\n","protected":false},"featured_media":17715,"template":"","meta":{"ocean_post_layout":"","ocean_both_sidebars_style":"","ocean_both_sidebars_content_width":0,"ocean_both_sidebars_sidebars_width":0,"ocean_sidebar":"","ocean_second_sidebar":"","ocean_disable_margins":"enable","ocean_add_body_class":"","ocean_shortcode_before_top_bar":"","ocean_shortcode_after_top_bar":"","ocean_shortcode_before_header":"","ocean_shortcode_after_header":"","ocean_has_shortcode":"","ocean_shortcode_after_title":"","ocean_shortcode_before_footer_widgets":"","ocean_shortcode_after_footer_widgets":"","ocean_shortcode_before_footer_bottom":"","ocean_shortcode_after_footer_bottom":"","ocean_display_top_bar":"default","ocean_display_header":"default","ocean_header_style":"","ocean_center_header_left_menu":"","ocean_custom_header_template":"","ocean_custom_logo":0,"ocean_custom_retina_logo":0,"ocean_custom_logo_max_width":0,"ocean_custom_logo_tablet_max_width":0,"ocean_custom_logo_mobile_max_width":0,"ocean_custom_logo_max_height":0,"ocean_custom_logo_tablet_max_height":0,"ocean_custom_logo_mobile_max_height":0,"ocean_header_custom_menu":"","ocean_menu_typo_font_family":"","ocean_menu_typo_font_subset":"","ocean_menu_typo_font_size":0,"ocean_menu_typo_font_size_tablet":0,"ocean_menu_typo_font_size_mobile":0,"ocean_menu_typo_font_size_unit":"px","ocean_menu_typo_font_weight":"","ocean_menu_typo_font_weight_tablet":"","ocean_menu_typo_font_weight_mobile":"","ocean_menu_typo_transform":"","ocean_menu_typo_transform_tablet":"","ocean_menu_typo_transform_mobile":"","ocean_menu_typo_line_height":0,"ocean_menu_typo_line_height_tablet":0,"ocean_menu_typo_line_height_mobile":0,"ocean_menu_typo_line_height_unit":"","ocean_menu_typo_spacing":0,"ocean_menu_typo_spacing_tablet":0,"ocean_menu_typo_spacing_mobile":0,"ocean_menu_typo_spacing_unit":"","ocean_menu_link_color":"","ocean_menu_link_color_hover":"","ocean_menu_link_color_active":"","ocean_menu_link_background":"","ocean_menu_link_hover_background":"","ocean_menu_link_active_background":"","ocean_menu_social_links_bg":"","ocean_menu_social_hover_links_bg":"","ocean_menu_social_links_color":"","ocean_menu_social_hover_links_color":"","ocean_disable_title":"default","ocean_disable_heading":"default","ocean_post_title":"","ocean_post_subheading":"","ocean_post_title_style":"","ocean_post_title_background_color":"","ocean_post_title_background":0,"ocean_post_title_bg_image_position":"","ocean_post_title_bg_image_attachment":"","ocean_post_title_bg_image_repeat":"","ocean_post_title_bg_image_size":"","ocean_post_title_height":0,"ocean_post_title_bg_overlay":0.5,"ocean_post_title_bg_overlay_color":"","ocean_disable_breadcrumbs":"default","ocean_breadcrumbs_color":"","ocean_breadcrumbs_separator_color":"","ocean_breadcrumbs_links_color":"","ocean_breadcrumbs_links_hover_color":"","ocean_display_footer_widgets":"default","ocean_display_footer_bottom":"default","ocean_custom_footer_template":""},"pwb-brand":[129],"product_brand":[],"product_cat":[45,66,128,126],"product_tag":[],"class_list":{"0":"post-17714","1":"product","2":"type-product","3":"status-publish","4":"has-post-thumbnail","6":"pwb-brand-tresor","7":"product_cat-desechables","8":"product_cat-e-p-p","9":"product_cat-guantes","10":"product_cat-oferta-solo-web","12":"entry","13":"has-media","15":"first","16":"instock","17":"shipping-taxable","18":"purchasable","19":"product-type-simple","20":"has-product-nav","21":"col","22":"span_1_of_3","23":"owp-content-center","24":"owp-thumbs-layout-horizontal","25":"owp-btn-normal","26":"owp-tabs-layout-horizontal","27":"has-no-thumbnails"},"brands":[{"id":129,"name":"TRESOR","slug":"tresor"}],"_links":{"self":[{"href":"https:\/\/trema.cl\/dental\/wp-json\/wp\/v2\/product\/17714","targetHints":{"allow":["GET"]}}],"collection":[{"href":"https:\/\/trema.cl\/dental\/wp-json\/wp\/v2\/product"}],"about":[{"href":"https:\/\/trema.cl\/dental\/wp-json\/wp\/v2\/types\/product"}],"version-history":[{"count":2,"href":"https:\/\/trema.cl\/dental\/wp-json\/wp\/v2\/product\/17714\/revisions"}],"predecessor-version":[{"id":17717,"href":"https:\/\/trema.cl\/dental\/wp-json\/wp\/v2\/product\/17714\/revisions\/17717"}],"wp:featuredmedia":[{"embeddable":true,"href":"https:\/\/trema.cl\/dental\/wp-json\/wp\/v2\/media\/17715"}],"wp:attachment":[{"href":"https:\/\/trema.cl\/dental\/wp-json\/wp\/v2\/media?parent=17714"}],"wp:term":[{"taxonomy":"pwb-brand","embeddable":true,"href":"https:\/\/trema.cl\/dental\/wp-json\/wp\/v2\/pwb-brand?post=17714"},{"taxonomy":"product_brand","embeddable":true,"href":"https:\/\/trema.cl\/dental\/wp-json\/wp\/v2\/product_brand?post=17714"},{"taxonomy":"product_cat","embeddable":true,"href":"https:\/\/trema.cl\/dental\/wp-json\/wp\/v2\/product_cat?post=17714"},{"taxonomy":"product_tag","embeddable":true,"href":"https:\/\/trema.cl\/dental\/wp-json\/wp\/v2\/product_tag?post=17714"}],"curies":[{"name":"wp","href":"https:\/\/api.w.org\/{rel}","templated":true}]}}