{"id":17568,"date":"2026-01-21T08:41:41","date_gmt":"2026-01-21T11:41:41","guid":{"rendered":"https:\/\/trema.cl\/dental\/?post_type=product&#038;p=17568"},"modified":"2026-03-27T13:24:44","modified_gmt":"2026-03-27T16:24:44","slug":"guante-examen-blanco-latex-5-4-grs-con-polvo-talla-m","status":"publish","type":"product","link":"https:\/\/trema.cl\/dental\/producto\/guante-examen-blanco-latex-5-4-grs-con-polvo-talla-m\/","title":{"rendered":"Guante Examen Blanco L\u00e1tex 5.4 Grs. Con Polvo Talla M"},"content":{"rendered":"<div class=\"Y3BBE\" style=\"text-align: left\" data-sfc-cp=\"\" data-hveid=\"CAEIAhAA\" data-processed=\"true\" data-complete=\"true\"><strong class=\"Yjhzub\" data-complete=\"true\" data-processed=\"true\">Guante de examen de l\u00e1tex<\/strong>\u00a0es un\u00a0<mark class=\"HxTRcb\" data-complete=\"true\" data-sae=\"\">dispositivo m\u00e9dico desechable, no est\u00e9ril y ambidiestro, fabricado con\u00a0<strong class=\"Yjhzub\" data-complete=\"true\">l\u00e1tex de caucho natural<\/strong>\u00a0para actuar como una barrera de protecci\u00f3n durante procedimientos cl\u00ednicos y de laboratorio no quir\u00fargicos<\/mark>.<span class=\"uJ19be notranslate\" data-wiz-uids=\"fpqTjf_g\" data-complete=\"true\" data-processed=\"true\"><span class=\"vKEkVd\" data-animation-atomic=\"\" data-wiz-attrbind=\"class=fpqTjf_f\/TKHnVd\" data-sae=\"\">\u00a0<button class=\"rBl3me\" data-amic=\"true\" data-icl-uuid=\"378da94d-afb7-4027-9b2d-61d28ccddce6\" aria-label=\"Ver v\u00ednculos relacionados\" data-wiz-attrbind=\"disabled=fpqTjf_f\/C5gNJc;aria-label=fpqTjf_f\/bOjMyf;class=fpqTjf_f\/UpSNec\" data-ved=\"2ahUKEwigrojhvpySAxVZnpUCHSb5FqoQye0OegYIAQgCEAI\"><\/button><\/span><\/span><\/div>\n<div class=\"Fsg96\" style=\"text-align: left\" data-sfc-cp=\"\" data-complete=\"true\" data-processed=\"true\"><\/div>\n<h3 class=\"otQkpb\" style=\"text-align: left\" role=\"heading\" data-processed=\"true\" data-complete=\"true\">Caracter\u00edsticas Principales<button class=\"rBl3me\" data-amic=\"true\" data-icl-uuid=\"106eff12-d3b1-49ec-afcd-19aeb81f34ca\" aria-label=\"Ver v\u00ednculos relacionados\" data-wiz-attrbind=\"disabled=fpqTjf_l\/C5gNJc;aria-label=fpqTjf_l\/bOjMyf;class=fpqTjf_l\/UpSNec\" data-ved=\"2ahUKEwigrojhvpySAxVZnpUCHSb5FqoQye0OegYIAQgDEAA\"><\/button><\/h3>\n<div style=\"text-align: left\" role=\"heading\" data-animation-nesting=\"\" data-sfc-cp=\"\" data-processed=\"true\" data-sae=\"\" data-complete=\"true\"><\/div>\n<ul class=\"KsbFXc U6u95\" data-processed=\"true\" data-complete=\"true\">\n<li style=\"text-align: left\" data-hveid=\"CAEIBBAA\" data-complete=\"true\" data-sae=\"\"><span class=\"T286Pc\" data-sfc-cp=\"\" data-complete=\"true\"><strong class=\"Yjhzub\" data-complete=\"true\">Material:<\/strong>\u00a0Est\u00e1n fabricados con l\u00e1tex de caucho natural, lo que les proporciona una gran elasticidad y flexibilidad.<\/span><\/li>\n<li style=\"text-align: left\" data-hveid=\"CAEIBBAB\" data-complete=\"true\" data-sae=\"\"><span class=\"T286Pc\" data-sfc-cp=\"\" data-complete=\"true\"><strong class=\"Yjhzub\" data-complete=\"true\">Uso:<\/strong>\u00a0Son de\u00a0<strong class=\"Yjhzub\" data-complete=\"true\">un solo uso<\/strong>\u00a0y est\u00e1n dise\u00f1ados para ser desechados despu\u00e9s de cada tarea, minimizando el riesgo de contaminaci\u00f3n cruzada.<\/span><\/li>\n<li style=\"text-align: left\" data-hveid=\"CAEIBBAC\" data-complete=\"true\" data-sae=\"\"><span class=\"T286Pc\" data-sfc-cp=\"\" data-complete=\"true\"><strong class=\"Yjhzub\" data-complete=\"true\">Protecci\u00f3n:<\/strong>\u00a0Ofrecen una barrera eficaz contra la exposici\u00f3n a contaminantes, agentes infecciosos, sangre y fluidos corporales.<\/span><\/li>\n<li style=\"text-align: left\" data-hveid=\"CAEIBBAD\" data-complete=\"true\" data-sae=\"\"><span class=\"T286Pc\" data-sfc-cp=\"\" data-complete=\"true\"><strong class=\"Yjhzub\" data-complete=\"true\">Comodidad y Ajuste:<\/strong>\u00a0Se adaptan de manera anat\u00f3mica a la mano, ofreciendo una gran sensibilidad t\u00e1ctil y reduciendo la fatiga durante su uso.<\/span><\/li>\n<\/ul>\n","protected":false},"excerpt":{"rendered":"<h1 style=\"text-align: center\"><img decoding=\"async\" class=\"alignleft\" src=\"https:\/\/sante-group.com\/wp-content\/uploads\/2021\/09\/SANTE-LOGO-NAVY-NEXT-GENERATION-SOURCING-01.png\" alt=\"Sante - Sante Group\" width=\"188\" height=\"59\" \/><\/h1>\n<p><img fetchpriority=\"high\" decoding=\"async\" class=\"aligncenter\" src=\"https:\/\/t3.ftcdn.net\/jpg\/00\/50\/87\/66\/360_F_50876641_dElrzuRJC86AYM9T0INR2CjY8z1Rxl4R.jpg\" alt=\"Oferta Especial Images \u2013 Browse 1,630 Stock Photos, Vectors, and Video | Adobe Stock\" width=\"296\" height=\"197\" \/><\/p>\n<p>&nbsp;<\/p>\n<p><img decoding=\"async\" class=\"aligncenter\" src=\"https:\/\/trema.cl\/dental\/wp-content\/uploads\/2026\/01\/000000000000000000000000000000000000000000000000000000000000000000000000000000000000000000000000000000000000000000000000000000-1-300x76.png\" \/><\/p>\n","protected":false},"featured_media":17564,"template":"","meta":{"ocean_post_layout":"","ocean_both_sidebars_style":"","ocean_both_sidebars_content_width":0,"ocean_both_sidebars_sidebars_width":0,"ocean_sidebar":"","ocean_second_sidebar":"","ocean_disable_margins":"enable","ocean_add_body_class":"","ocean_shortcode_before_top_bar":"","ocean_shortcode_after_top_bar":"","ocean_shortcode_before_header":"","ocean_shortcode_after_header":"","ocean_has_shortcode":"","ocean_shortcode_after_title":"","ocean_shortcode_before_footer_widgets":"","ocean_shortcode_after_footer_widgets":"","ocean_shortcode_before_footer_bottom":"","ocean_shortcode_after_footer_bottom":"","ocean_display_top_bar":"default","ocean_display_header":"default","ocean_header_style":"","ocean_center_header_left_menu":"","ocean_custom_header_template":"","ocean_custom_logo":0,"ocean_custom_retina_logo":0,"ocean_custom_logo_max_width":0,"ocean_custom_logo_tablet_max_width":0,"ocean_custom_logo_mobile_max_width":0,"ocean_custom_logo_max_height":0,"ocean_custom_logo_tablet_max_height":0,"ocean_custom_logo_mobile_max_height":0,"ocean_header_custom_menu":"","ocean_menu_typo_font_family":"","ocean_menu_typo_font_subset":"","ocean_menu_typo_font_size":0,"ocean_menu_typo_font_size_tablet":0,"ocean_menu_typo_font_size_mobile":0,"ocean_menu_typo_font_size_unit":"px","ocean_menu_typo_font_weight":"","ocean_menu_typo_font_weight_tablet":"","ocean_menu_typo_font_weight_mobile":"","ocean_menu_typo_transform":"","ocean_menu_typo_transform_tablet":"","ocean_menu_typo_transform_mobile":"","ocean_menu_typo_line_height":0,"ocean_menu_typo_line_height_tablet":0,"ocean_menu_typo_line_height_mobile":0,"ocean_menu_typo_line_height_unit":"","ocean_menu_typo_spacing":0,"ocean_menu_typo_spacing_tablet":0,"ocean_menu_typo_spacing_mobile":0,"ocean_menu_typo_spacing_unit":"","ocean_menu_link_color":"","ocean_menu_link_color_hover":"","ocean_menu_link_color_active":"","ocean_menu_link_background":"","ocean_menu_link_hover_background":"","ocean_menu_link_active_background":"","ocean_menu_social_links_bg":"","ocean_menu_social_hover_links_bg":"","ocean_menu_social_links_color":"","ocean_menu_social_hover_links_color":"","ocean_disable_title":"default","ocean_disable_heading":"default","ocean_post_title":"","ocean_post_subheading":"","ocean_post_title_style":"","ocean_post_title_background_color":"","ocean_post_title_background":0,"ocean_post_title_bg_image_position":"","ocean_post_title_bg_image_attachment":"","ocean_post_title_bg_image_repeat":"","ocean_post_title_bg_image_size":"","ocean_post_title_height":0,"ocean_post_title_bg_overlay":0.5,"ocean_post_title_bg_overlay_color":"","ocean_disable_breadcrumbs":"default","ocean_breadcrumbs_color":"","ocean_breadcrumbs_separator_color":"","ocean_breadcrumbs_links_color":"","ocean_breadcrumbs_links_hover_color":"","ocean_display_footer_widgets":"default","ocean_display_footer_bottom":"default","ocean_custom_footer_template":""},"pwb-brand":[],"product_brand":[],"product_cat":[45,126],"product_tag":[],"class_list":{"0":"post-17568","1":"product","2":"type-product","3":"status-publish","4":"has-post-thumbnail","6":"product_cat-desechables","7":"product_cat-oferta-solo-web","9":"entry","10":"has-media","12":"first","13":"instock","14":"sale","15":"shipping-taxable","16":"purchasable","17":"product-type-simple","18":"has-product-nav","19":"col","20":"span_1_of_3","21":"owp-content-center","22":"owp-thumbs-layout-horizontal","23":"owp-btn-normal","24":"owp-tabs-layout-horizontal","25":"has-no-thumbnails"},"brands":[],"_links":{"self":[{"href":"https:\/\/trema.cl\/dental\/wp-json\/wp\/v2\/product\/17568","targetHints":{"allow":["GET"]}}],"collection":[{"href":"https:\/\/trema.cl\/dental\/wp-json\/wp\/v2\/product"}],"about":[{"href":"https:\/\/trema.cl\/dental\/wp-json\/wp\/v2\/types\/product"}],"version-history":[{"count":3,"href":"https:\/\/trema.cl\/dental\/wp-json\/wp\/v2\/product\/17568\/revisions"}],"predecessor-version":[{"id":17650,"href":"https:\/\/trema.cl\/dental\/wp-json\/wp\/v2\/product\/17568\/revisions\/17650"}],"wp:featuredmedia":[{"embeddable":true,"href":"https:\/\/trema.cl\/dental\/wp-json\/wp\/v2\/media\/17564"}],"wp:attachment":[{"href":"https:\/\/trema.cl\/dental\/wp-json\/wp\/v2\/media?parent=17568"}],"wp:term":[{"taxonomy":"pwb-brand","embeddable":true,"href":"https:\/\/trema.cl\/dental\/wp-json\/wp\/v2\/pwb-brand?post=17568"},{"taxonomy":"product_brand","embeddable":true,"href":"https:\/\/trema.cl\/dental\/wp-json\/wp\/v2\/product_brand?post=17568"},{"taxonomy":"product_cat","embeddable":true,"href":"https:\/\/trema.cl\/dental\/wp-json\/wp\/v2\/product_cat?post=17568"},{"taxonomy":"product_tag","embeddable":true,"href":"https:\/\/trema.cl\/dental\/wp-json\/wp\/v2\/product_tag?post=17568"}],"curies":[{"name":"wp","href":"https:\/\/api.w.org\/{rel}","templated":true}]}}