{"id":17178,"date":"2025-09-10T16:15:24","date_gmt":"2025-09-10T19:15:24","guid":{"rendered":"https:\/\/trema.cl\/dental\/?post_type=product&#038;p=17178"},"modified":"2025-09-11T08:17:39","modified_gmt":"2025-09-11T11:17:39","slug":"gel-dental-advanced-kit-dental-fresh-up","status":"publish","type":"product","link":"https:\/\/trema.cl\/dental\/producto\/gel-dental-advanced-kit-dental-fresh-up\/","title":{"rendered":"Gel Dental Advanced Kit Dental &#8211; FRESH UP"},"content":{"rendered":"<ul>\n<li style=\"text-align: left\">Soluci\u00f3n integrada para una limpieza buco dental profunda y m\u00e1s efectiva. Contiene 1 Gel dental 125g + cepillo Universal medio + hilo dental.<\/li>\n<li style=\"text-align: left\">Gel dental no abrasivo que protege los dientes e impide la formaci\u00f3n de placa bacteriana, adem\u00e1s posee un activo blanqueador que remueve manchas y potencia el fl\u00faor.<\/li>\n<li style=\"text-align: left\">El hilo dental ayuda a eliminar la placa y restos de alimentos, controla el mal aliento.<\/li>\n<li style=\"text-align: left\">El cepillo universal con cerdas medias posee un cabezal angosto que permite acceder a zonas m\u00e1s profundas logrando una limpieza completa.<\/li>\n<\/ul>\n<p>&nbsp;<\/p>\n<p>&nbsp;<\/p>\n","protected":false},"excerpt":{"rendered":"<p><strong>Unidad Incluye : 1 Pomo Gel dental 125g + cepillo Universal medio + hilo dental ( en la tapa )<\/strong><\/p>\n<p><strong>Fl\u00faor:<\/strong>\u00a0<strong>1450 ppm<\/strong><\/p>\n<p><strong>Sabor:\u00a0Menta<\/strong><\/p>\n<p><img decoding=\"async\" class=\"\" src=\"https:\/\/freshuptienda.cl\/cdn\/shop\/files\/logo_fresh_care.jpg?v=1689268810&amp;width=600\" alt=\"Fresh Up\" width=\"380\" height=\"69\" \/><\/p>\n","protected":false},"featured_media":17179,"template":"","meta":{"ocean_post_layout":"","ocean_both_sidebars_style":"","ocean_both_sidebars_content_width":0,"ocean_both_sidebars_sidebars_width":0,"ocean_sidebar":"","ocean_second_sidebar":"","ocean_disable_margins":"enable","ocean_add_body_class":"","ocean_shortcode_before_top_bar":"","ocean_shortcode_after_top_bar":"","ocean_shortcode_before_header":"","ocean_shortcode_after_header":"","ocean_has_shortcode":"","ocean_shortcode_after_title":"","ocean_shortcode_before_footer_widgets":"","ocean_shortcode_after_footer_widgets":"","ocean_shortcode_before_footer_bottom":"","ocean_shortcode_after_footer_bottom":"","ocean_display_top_bar":"default","ocean_display_header":"default","ocean_header_style":"","ocean_center_header_left_menu":"","ocean_custom_header_template":"","ocean_custom_logo":0,"ocean_custom_retina_logo":0,"ocean_custom_logo_max_width":0,"ocean_custom_logo_tablet_max_width":0,"ocean_custom_logo_mobile_max_width":0,"ocean_custom_logo_max_height":0,"ocean_custom_logo_tablet_max_height":0,"ocean_custom_logo_mobile_max_height":0,"ocean_header_custom_menu":"","ocean_menu_typo_font_family":"","ocean_menu_typo_font_subset":"","ocean_menu_typo_font_size":0,"ocean_menu_typo_font_size_tablet":0,"ocean_menu_typo_font_size_mobile":0,"ocean_menu_typo_font_size_unit":"px","ocean_menu_typo_font_weight":"","ocean_menu_typo_font_weight_tablet":"","ocean_menu_typo_font_weight_mobile":"","ocean_menu_typo_transform":"","ocean_menu_typo_transform_tablet":"","ocean_menu_typo_transform_mobile":"","ocean_menu_typo_line_height":0,"ocean_menu_typo_line_height_tablet":0,"ocean_menu_typo_line_height_mobile":0,"ocean_menu_typo_line_height_unit":"","ocean_menu_typo_spacing":0,"ocean_menu_typo_spacing_tablet":0,"ocean_menu_typo_spacing_mobile":0,"ocean_menu_typo_spacing_unit":"","ocean_menu_link_color":"","ocean_menu_link_color_hover":"","ocean_menu_link_color_active":"","ocean_menu_link_background":"","ocean_menu_link_hover_background":"","ocean_menu_link_active_background":"","ocean_menu_social_links_bg":"","ocean_menu_social_hover_links_bg":"","ocean_menu_social_links_color":"","ocean_menu_social_hover_links_color":"","ocean_disable_title":"default","ocean_disable_heading":"default","ocean_post_title":"","ocean_post_subheading":"","ocean_post_title_style":"","ocean_post_title_background_color":"","ocean_post_title_background":0,"ocean_post_title_bg_image_position":"","ocean_post_title_bg_image_attachment":"","ocean_post_title_bg_image_repeat":"","ocean_post_title_bg_image_size":"","ocean_post_title_height":0,"ocean_post_title_bg_overlay":0.5,"ocean_post_title_bg_overlay_color":"","ocean_disable_breadcrumbs":"default","ocean_breadcrumbs_color":"","ocean_breadcrumbs_separator_color":"","ocean_breadcrumbs_links_color":"","ocean_breadcrumbs_links_hover_color":"","ocean_display_footer_widgets":"default","ocean_display_footer_bottom":"default","ocean_custom_footer_template":""},"pwb-brand":[84],"product_brand":[],"product_cat":[47],"product_tag":[],"class_list":{"0":"post-17178","1":"product","2":"type-product","3":"status-publish","4":"has-post-thumbnail","6":"pwb-brand-fresh-up","7":"product_cat-higiene-dental","9":"entry","10":"has-media","12":"first","13":"instock","14":"shipping-taxable","15":"purchasable","16":"product-type-simple","17":"has-product-nav","18":"col","19":"span_1_of_3","20":"owp-content-center","21":"owp-thumbs-layout-horizontal","22":"owp-btn-normal","23":"owp-tabs-layout-horizontal"},"brands":[{"id":84,"name":"FRESH UP","slug":"fresh-up"}],"_links":{"self":[{"href":"https:\/\/trema.cl\/dental\/wp-json\/wp\/v2\/product\/17178","targetHints":{"allow":["GET"]}}],"collection":[{"href":"https:\/\/trema.cl\/dental\/wp-json\/wp\/v2\/product"}],"about":[{"href":"https:\/\/trema.cl\/dental\/wp-json\/wp\/v2\/types\/product"}],"version-history":[{"count":1,"href":"https:\/\/trema.cl\/dental\/wp-json\/wp\/v2\/product\/17178\/revisions"}],"predecessor-version":[{"id":17181,"href":"https:\/\/trema.cl\/dental\/wp-json\/wp\/v2\/product\/17178\/revisions\/17181"}],"wp:featuredmedia":[{"embeddable":true,"href":"https:\/\/trema.cl\/dental\/wp-json\/wp\/v2\/media\/17179"}],"wp:attachment":[{"href":"https:\/\/trema.cl\/dental\/wp-json\/wp\/v2\/media?parent=17178"}],"wp:term":[{"taxonomy":"pwb-brand","embeddable":true,"href":"https:\/\/trema.cl\/dental\/wp-json\/wp\/v2\/pwb-brand?post=17178"},{"taxonomy":"product_brand","embeddable":true,"href":"https:\/\/trema.cl\/dental\/wp-json\/wp\/v2\/product_brand?post=17178"},{"taxonomy":"product_cat","embeddable":true,"href":"https:\/\/trema.cl\/dental\/wp-json\/wp\/v2\/product_cat?post=17178"},{"taxonomy":"product_tag","embeddable":true,"href":"https:\/\/trema.cl\/dental\/wp-json\/wp\/v2\/product_tag?post=17178"}],"curies":[{"name":"wp","href":"https:\/\/api.w.org\/{rel}","templated":true}]}}