{"id":17106,"date":"2025-07-29T18:20:51","date_gmt":"2025-07-29T21:20:51","guid":{"rendered":"https:\/\/trema.cl\/dental\/?post_type=product&#038;p=17106"},"modified":"2025-07-29T18:20:51","modified_gmt":"2025-07-29T21:20:51","slug":"crema-dental-sensitive-alivio-total-100-grs-fresh-up","status":"publish","type":"product","link":"https:\/\/trema.cl\/dental\/producto\/crema-dental-sensitive-alivio-total-100-grs-fresh-up\/","title":{"rendered":"Crema Dental Sensitive Alivio Total 100 Grs Fresh Up"},"content":{"rendered":"<p style=\"text-align: left\" data-start=\"217\" data-end=\"425\">Recomendada para personas con sensibilidad dental, caries recurrentes o enc\u00edas delicadas. Su f\u00f3rmula alivia la sensibilidad y protege el esmalte, promoviendo una boca sana y fresca.<\/p>\n<p style=\"text-align: left\" data-start=\"427\" data-end=\"627\"><strong data-start=\"427\" data-end=\"443\">Modo de uso:<\/strong><br data-start=\"443\" data-end=\"446\" \/>Aplicar una peque\u00f1a cantidad sobre el cepillo dental y cepillar durante 2 minutos, m\u00ednimo dos veces al d\u00eda. Evitar enjuagar inmediatamente para prolongar el efecto desensibilizante.<\/p>\n<p style=\"text-align: left\" data-start=\"629\" data-end=\"801\"><strong data-start=\"629\" data-end=\"655\">Composici\u00f3n destacada:<\/strong><br data-start=\"655\" data-end=\"658\" \/>Fluoruro de sodio, nitrato de potasio (alivio de sensibilidad), glicerina (humectante y sanadora), agentes antimicrobianos, y remineralizantes.<\/p>\n<p style=\"text-align: left\" data-start=\"629\" data-end=\"801\"><strong data-start=\"842\" data-end=\"862\">Caracter\u00edsticas:<\/strong><\/p>\n<ul style=\"text-align: left\" data-start=\"865\" data-end=\"1152\" data-is-last-node=\"\" data-is-only-node=\"\">\n<li data-start=\"865\" data-end=\"922\">\n<p data-start=\"867\" data-end=\"922\">Alivio eficaz y progresivo de la sensibilidad dental.<\/p>\n<\/li>\n<li data-start=\"923\" data-end=\"963\">\n<p data-start=\"925\" data-end=\"963\">Acci\u00f3n anticaries y remineralizante.<\/p>\n<\/li>\n<li data-start=\"964\" data-end=\"1013\">\n<p data-start=\"966\" data-end=\"1013\">Neutraliza el pH y combate bacterias bucales.<\/p>\n<\/li>\n<li data-start=\"1014\" data-end=\"1087\">\n<p data-start=\"1016\" data-end=\"1087\">Enriquecida con glicerina, que hidrata y protege los tejidos blandos.<\/p>\n<\/li>\n<li data-start=\"1088\" data-end=\"1152\" data-is-last-node=\"\">\n<p data-start=\"1090\" data-end=\"1152\" data-is-last-node=\"\">Potencia la acci\u00f3n del fl\u00faor para una protecci\u00f3n m\u00e1s completa.<\/p>\n<\/li>\n<\/ul>\n<p style=\"text-align: left\">\n","protected":false},"excerpt":{"rendered":"<h3>Unidad : Pomo 100 Grs<\/h3>\n<h3>Sensitive Alivio Total<\/h3>\n<p><img decoding=\"async\" src=\"https:\/\/encrypted-tbn0.gstatic.com\/images?q=tbn:ANd9GcQafUHzQAEzaxJHB3Zne5Ni5fKAmmu9k2_4lA&amp;s\" alt=\"Fresh Up Chile\" \/><\/p>\n","protected":false},"featured_media":17107,"template":"","meta":{"ocean_post_layout":"","ocean_both_sidebars_style":"","ocean_both_sidebars_content_width":0,"ocean_both_sidebars_sidebars_width":0,"ocean_sidebar":"","ocean_second_sidebar":"","ocean_disable_margins":"enable","ocean_add_body_class":"","ocean_shortcode_before_top_bar":"","ocean_shortcode_after_top_bar":"","ocean_shortcode_before_header":"","ocean_shortcode_after_header":"","ocean_has_shortcode":"","ocean_shortcode_after_title":"","ocean_shortcode_before_footer_widgets":"","ocean_shortcode_after_footer_widgets":"","ocean_shortcode_before_footer_bottom":"","ocean_shortcode_after_footer_bottom":"","ocean_display_top_bar":"default","ocean_display_header":"default","ocean_header_style":"","ocean_center_header_left_menu":"","ocean_custom_header_template":"","ocean_custom_logo":0,"ocean_custom_retina_logo":0,"ocean_custom_logo_max_width":0,"ocean_custom_logo_tablet_max_width":0,"ocean_custom_logo_mobile_max_width":0,"ocean_custom_logo_max_height":0,"ocean_custom_logo_tablet_max_height":0,"ocean_custom_logo_mobile_max_height":0,"ocean_header_custom_menu":"","ocean_menu_typo_font_family":"","ocean_menu_typo_font_subset":"","ocean_menu_typo_font_size":0,"ocean_menu_typo_font_size_tablet":0,"ocean_menu_typo_font_size_mobile":0,"ocean_menu_typo_font_size_unit":"px","ocean_menu_typo_font_weight":"","ocean_menu_typo_font_weight_tablet":"","ocean_menu_typo_font_weight_mobile":"","ocean_menu_typo_transform":"","ocean_menu_typo_transform_tablet":"","ocean_menu_typo_transform_mobile":"","ocean_menu_typo_line_height":0,"ocean_menu_typo_line_height_tablet":0,"ocean_menu_typo_line_height_mobile":0,"ocean_menu_typo_line_height_unit":"","ocean_menu_typo_spacing":0,"ocean_menu_typo_spacing_tablet":0,"ocean_menu_typo_spacing_mobile":0,"ocean_menu_typo_spacing_unit":"","ocean_menu_link_color":"","ocean_menu_link_color_hover":"","ocean_menu_link_color_active":"","ocean_menu_link_background":"","ocean_menu_link_hover_background":"","ocean_menu_link_active_background":"","ocean_menu_social_links_bg":"","ocean_menu_social_hover_links_bg":"","ocean_menu_social_links_color":"","ocean_menu_social_hover_links_color":"","ocean_disable_title":"default","ocean_disable_heading":"default","ocean_post_title":"","ocean_post_subheading":"","ocean_post_title_style":"","ocean_post_title_background_color":"","ocean_post_title_background":0,"ocean_post_title_bg_image_position":"","ocean_post_title_bg_image_attachment":"","ocean_post_title_bg_image_repeat":"","ocean_post_title_bg_image_size":"","ocean_post_title_height":0,"ocean_post_title_bg_overlay":0.5,"ocean_post_title_bg_overlay_color":"","ocean_disable_breadcrumbs":"default","ocean_breadcrumbs_color":"","ocean_breadcrumbs_separator_color":"","ocean_breadcrumbs_links_color":"","ocean_breadcrumbs_links_hover_color":"","ocean_display_footer_widgets":"default","ocean_display_footer_bottom":"default","ocean_custom_footer_template":""},"pwb-brand":[84],"product_brand":[],"product_cat":[47],"product_tag":[],"class_list":{"0":"post-17106","1":"product","2":"type-product","3":"status-publish","4":"has-post-thumbnail","6":"pwb-brand-fresh-up","7":"product_cat-higiene-dental","9":"entry","10":"has-media","12":"first","13":"instock","14":"shipping-taxable","15":"purchasable","16":"product-type-simple","17":"has-product-nav","18":"col","19":"span_1_of_3","20":"owp-content-center","21":"owp-thumbs-layout-horizontal","22":"owp-btn-normal","23":"owp-tabs-layout-horizontal","24":"has-no-thumbnails"},"brands":[{"id":84,"name":"FRESH UP","slug":"fresh-up"}],"_links":{"self":[{"href":"https:\/\/trema.cl\/dental\/wp-json\/wp\/v2\/product\/17106","targetHints":{"allow":["GET"]}}],"collection":[{"href":"https:\/\/trema.cl\/dental\/wp-json\/wp\/v2\/product"}],"about":[{"href":"https:\/\/trema.cl\/dental\/wp-json\/wp\/v2\/types\/product"}],"version-history":[{"count":1,"href":"https:\/\/trema.cl\/dental\/wp-json\/wp\/v2\/product\/17106\/revisions"}],"predecessor-version":[{"id":17108,"href":"https:\/\/trema.cl\/dental\/wp-json\/wp\/v2\/product\/17106\/revisions\/17108"}],"wp:featuredmedia":[{"embeddable":true,"href":"https:\/\/trema.cl\/dental\/wp-json\/wp\/v2\/media\/17107"}],"wp:attachment":[{"href":"https:\/\/trema.cl\/dental\/wp-json\/wp\/v2\/media?parent=17106"}],"wp:term":[{"taxonomy":"pwb-brand","embeddable":true,"href":"https:\/\/trema.cl\/dental\/wp-json\/wp\/v2\/pwb-brand?post=17106"},{"taxonomy":"product_brand","embeddable":true,"href":"https:\/\/trema.cl\/dental\/wp-json\/wp\/v2\/product_brand?post=17106"},{"taxonomy":"product_cat","embeddable":true,"href":"https:\/\/trema.cl\/dental\/wp-json\/wp\/v2\/product_cat?post=17106"},{"taxonomy":"product_tag","embeddable":true,"href":"https:\/\/trema.cl\/dental\/wp-json\/wp\/v2\/product_tag?post=17106"}],"curies":[{"name":"wp","href":"https:\/\/api.w.org\/{rel}","templated":true}]}}