{"id":16302,"date":"2025-03-28T15:53:45","date_gmt":"2025-03-28T18:53:45","guid":{"rendered":"https:\/\/trema.cl\/dental\/?post_type=product&#038;p=16302"},"modified":"2025-03-31T15:51:05","modified_gmt":"2025-03-31T18:51:05","slug":"lampara-foto-curado-led-c-woodpecker","status":"publish","type":"product","link":"https:\/\/trema.cl\/dental\/producto\/lampara-foto-curado-led-c-woodpecker\/","title":{"rendered":"L\u00e1mpara foto-curado LED C &#8211; Woodpecker"},"content":{"rendered":"<p style=\"text-align: left\">La LED.C es una l\u00e1mpara de fotocurado se utiliza en odontolog\u00eda para polimerizar los materiales dentales restauradores que se activan mediante una fuente de luz de alta intensidad que provoca el endurecimiento de los mismos en un breve lapso de tiempo.<br \/>\n*B\u00e1sico infaltable<br \/>\nInal\u00e1mbrica<br \/>\nC\u00f3modo dise\u00f1o ergon\u00f3mico.<br \/>\n*Operaci\u00f3n con 3 botones<br \/>\nA carga completa proporciona hasta 400 disparos.<br \/>\nPotencia de 1.000 a 1.200 mW\/cm\u00b2.<br \/>\nTiempo ajustable de 5 a 20 seg.<br \/>\n*Pantalla led<br \/>\nIndicadora de \u201cmodo\u201d, \u201cintensidad\u201d y \u201ctiempo\u201d.<br \/>\n*Gu\u00eda de luz mediante fibra \u00f3ptica<br \/>\nLuz led azul.<br \/>\nIntensidad de luz constante.<br \/>\n*3 Modos de trabajo<br \/>\nProgramas<br \/>\nFull<br \/>\nRamping<br \/>\nPulse<br \/>\n*Polimeriza la mayor\u00eda de las resinas del mercado<br \/>\nCon un rango de longitud de onda de 385-515 nm.<br \/>\n*2 Bater\u00edas de litio recargable<br \/>\nCapacidad 1.400 mAh. c\/u<br \/>\nIncluye<br \/>\n1 Equipo principal<br \/>\nAccesorios<\/p>\n","protected":false},"excerpt":{"rendered":"<h3 class=\"mb-2\">L\u00e1mpara foto curado LED.C<\/h3>\n<h3><strong>Venta Por unidad<\/strong><\/h3>\n<p><img decoding=\"async\" class=\"\" src=\"https:\/\/www.denimed.cl\/wp-content\/uploads\/2022\/10\/woodpecker.webp\" alt=\"Woodpecker \u2013 Denimed\" width=\"204\" height=\"102\" \/><\/p>\n","protected":false},"featured_media":16303,"template":"","meta":{"ocean_post_layout":"","ocean_both_sidebars_style":"","ocean_both_sidebars_content_width":0,"ocean_both_sidebars_sidebars_width":0,"ocean_sidebar":"","ocean_second_sidebar":"","ocean_disable_margins":"enable","ocean_add_body_class":"","ocean_shortcode_before_top_bar":"","ocean_shortcode_after_top_bar":"","ocean_shortcode_before_header":"","ocean_shortcode_after_header":"","ocean_has_shortcode":"","ocean_shortcode_after_title":"","ocean_shortcode_before_footer_widgets":"","ocean_shortcode_after_footer_widgets":"","ocean_shortcode_before_footer_bottom":"","ocean_shortcode_after_footer_bottom":"","ocean_display_top_bar":"default","ocean_display_header":"default","ocean_header_style":"","ocean_center_header_left_menu":"","ocean_custom_header_template":"","ocean_custom_logo":0,"ocean_custom_retina_logo":0,"ocean_custom_logo_max_width":0,"ocean_custom_logo_tablet_max_width":0,"ocean_custom_logo_mobile_max_width":0,"ocean_custom_logo_max_height":0,"ocean_custom_logo_tablet_max_height":0,"ocean_custom_logo_mobile_max_height":0,"ocean_header_custom_menu":"","ocean_menu_typo_font_family":"","ocean_menu_typo_font_subset":"","ocean_menu_typo_font_size":0,"ocean_menu_typo_font_size_tablet":0,"ocean_menu_typo_font_size_mobile":0,"ocean_menu_typo_font_size_unit":"px","ocean_menu_typo_font_weight":"","ocean_menu_typo_font_weight_tablet":"","ocean_menu_typo_font_weight_mobile":"","ocean_menu_typo_transform":"","ocean_menu_typo_transform_tablet":"","ocean_menu_typo_transform_mobile":"","ocean_menu_typo_line_height":0,"ocean_menu_typo_line_height_tablet":0,"ocean_menu_typo_line_height_mobile":0,"ocean_menu_typo_line_height_unit":"","ocean_menu_typo_spacing":0,"ocean_menu_typo_spacing_tablet":0,"ocean_menu_typo_spacing_mobile":0,"ocean_menu_typo_spacing_unit":"","ocean_menu_link_color":"","ocean_menu_link_color_hover":"","ocean_menu_link_color_active":"","ocean_menu_link_background":"","ocean_menu_link_hover_background":"","ocean_menu_link_active_background":"","ocean_menu_social_links_bg":"","ocean_menu_social_hover_links_bg":"","ocean_menu_social_links_color":"","ocean_menu_social_hover_links_color":"","ocean_disable_title":"default","ocean_disable_heading":"default","ocean_post_title":"","ocean_post_subheading":"","ocean_post_title_style":"","ocean_post_title_background_color":"","ocean_post_title_background":0,"ocean_post_title_bg_image_position":"","ocean_post_title_bg_image_attachment":"","ocean_post_title_bg_image_repeat":"","ocean_post_title_bg_image_size":"","ocean_post_title_height":0,"ocean_post_title_bg_overlay":0.5,"ocean_post_title_bg_overlay_color":"","ocean_disable_breadcrumbs":"default","ocean_breadcrumbs_color":"","ocean_breadcrumbs_separator_color":"","ocean_breadcrumbs_links_color":"","ocean_breadcrumbs_links_hover_color":"","ocean_display_footer_widgets":"default","ocean_display_footer_bottom":"default","ocean_custom_footer_template":""},"pwb-brand":[72],"product_brand":[],"product_cat":[79],"product_tag":[],"class_list":{"0":"post-16302","1":"product","2":"type-product","3":"status-publish","4":"has-post-thumbnail","6":"pwb-brand-woodpecker","7":"product_cat-equipamiento","9":"entry","10":"has-media","12":"first","13":"instock","14":"shipping-taxable","15":"purchasable","16":"product-type-simple","17":"has-product-nav","18":"col","19":"span_1_of_3","20":"owp-content-center","21":"owp-thumbs-layout-horizontal","22":"owp-btn-normal","23":"owp-tabs-layout-horizontal","24":"has-no-thumbnails"},"brands":[{"id":72,"name":"WOODPECKER","slug":"woodpecker"}],"_links":{"self":[{"href":"https:\/\/trema.cl\/dental\/wp-json\/wp\/v2\/product\/16302","targetHints":{"allow":["GET"]}}],"collection":[{"href":"https:\/\/trema.cl\/dental\/wp-json\/wp\/v2\/product"}],"about":[{"href":"https:\/\/trema.cl\/dental\/wp-json\/wp\/v2\/types\/product"}],"version-history":[{"count":3,"href":"https:\/\/trema.cl\/dental\/wp-json\/wp\/v2\/product\/16302\/revisions"}],"predecessor-version":[{"id":16306,"href":"https:\/\/trema.cl\/dental\/wp-json\/wp\/v2\/product\/16302\/revisions\/16306"}],"wp:featuredmedia":[{"embeddable":true,"href":"https:\/\/trema.cl\/dental\/wp-json\/wp\/v2\/media\/16303"}],"wp:attachment":[{"href":"https:\/\/trema.cl\/dental\/wp-json\/wp\/v2\/media?parent=16302"}],"wp:term":[{"taxonomy":"pwb-brand","embeddable":true,"href":"https:\/\/trema.cl\/dental\/wp-json\/wp\/v2\/pwb-brand?post=16302"},{"taxonomy":"product_brand","embeddable":true,"href":"https:\/\/trema.cl\/dental\/wp-json\/wp\/v2\/product_brand?post=16302"},{"taxonomy":"product_cat","embeddable":true,"href":"https:\/\/trema.cl\/dental\/wp-json\/wp\/v2\/product_cat?post=16302"},{"taxonomy":"product_tag","embeddable":true,"href":"https:\/\/trema.cl\/dental\/wp-json\/wp\/v2\/product_tag?post=16302"}],"curies":[{"name":"wp","href":"https:\/\/api.w.org\/{rel}","templated":true}]}}