{"id":16190,"date":"2025-03-04T08:15:00","date_gmt":"2025-03-04T11:15:00","guid":{"rendered":"https:\/\/trema.cl\/dental\/?post_type=product&#038;p=16190"},"modified":"2025-03-04T08:15:01","modified_gmt":"2025-03-04T11:15:01","slug":"kit-de-resinas-filtek-z350-xt-essential-kit-3m","status":"publish","type":"product","link":"https:\/\/trema.cl\/dental\/producto\/kit-de-resinas-filtek-z350-xt-essential-kit-3m\/","title":{"rendered":"Kit de Resinas Filtek Z350 XT Essential Kit 3M"},"content":{"rendered":"<p style=\"text-align: left\">Kit de Resinas Filtek Z350 XT Kit incluye: 5 jeringas Filtek\u2122 Z350 XT de 4 grs., tonos A1B, A2B, A3B, A3.5B, B1B. 1 adhesivo Single Bond Universal de 5 ml. 3 espirales Sof-Lex\u2122 de pre-pulido. 3 espirales Sof-Lex\u2122 Diamond para pulido final. Accesorios de aplicaci\u00f3n. Marca: 3M Contiene:<\/p>\n<ul style=\"text-align: left\">\n<li>Body: A1, A2, A3, A3.5, B1<\/li>\n<li>Adhesivo single bond 5 ml.<\/li>\n<li>3 Espirales soflex pre-pulido.<\/li>\n<li>3 Espirales soflex pulido.<\/li>\n<\/ul>\n<p style=\"text-align: left\">Caracter\u00edsticas Kit de Resinas Filtek Z350 XT<\/p>\n<ul class=\"MMM--pdpList SNAPS--bullets\">\n<li style=\"text-align: left\">Est\u00e9tica excepcional.<\/li>\n<li style=\"text-align: left\">Excelente adaptaci\u00f3n.<\/li>\n<li style=\"text-align: left\">Excelente retenci\u00f3n del pulido.<\/li>\n<li style=\"text-align: left\">Excelente manejo, no se pega a los instrumentos.<\/li>\n<li style=\"text-align: left\">Excepcional resistencia en restauraciones anteriores y posteriores.<\/li>\n<li style=\"text-align: left\">Kit incluye adhesivo, 3M\u2122 Single Bond Universal. Adhesivo de gran versatilidad que permite t\u00e9cnicas de grabado total, grabado selectivo y autograbado. T\u00e9cnica simple con una sola botella y aplicaci\u00f3n r\u00e1pida en solo 35 segundos. Alta fuerza de adhesi\u00f3n a todas las superficies (zirconio, al\u00famina, vitrocer\u00e1micas y metales) sin la necesidad de primer.<\/li>\n<li style=\"text-align: left\">Kit incluye sistema de pre-pulido y pulido final, Sof-Lex\u2122 Diamond, para un acabado final con un brillo similar a una pasta de diamante con la conveniencia de un sistema de goma. Espirales de forma \u00fanica, flexible, que se adaptan a todas las superficies dentales. Sof-Lex\u2122 Diamond puese ser esterilizado y reutilizado.<\/li>\n<\/ul>\n","protected":false},"excerpt":{"rendered":"<h3>Sistema Restaurador con Nanotecnolog\u00eda. Incluye 5 tonos escenciales de opacidad cuerpo.<\/h3>\n<h3>Unidad Kit<\/h3>\n<h3>Contiene:<\/h3>\n<ul>\n<li>\n<h3>Body: A1, A2, A3, A3.5, B1<\/h3>\n<\/li>\n<li>\n<h3>Adhesivo single bond 5 ml.<\/h3>\n<\/li>\n<li>\n<h3>3 Espirales soflex pre-pulido.<\/h3>\n<\/li>\n<li>\n<h3>3 Espirales soflex pulido.<\/h3>\n<\/li>\n<\/ul>\n<p><img decoding=\"async\" class=\"\" src=\"https:\/\/clothesforkids.org\/wp-content\/uploads\/2023\/05\/3M-Logo-RGB-copy.png\" alt=\"3M Logo RGB copy - Clothes For Kids\" width=\"138\" height=\"83\" \/><\/p>\n","protected":false},"featured_media":16191,"template":"","meta":{"ocean_post_layout":"","ocean_both_sidebars_style":"","ocean_both_sidebars_content_width":0,"ocean_both_sidebars_sidebars_width":0,"ocean_sidebar":"","ocean_second_sidebar":"","ocean_disable_margins":"enable","ocean_add_body_class":"","ocean_shortcode_before_top_bar":"","ocean_shortcode_after_top_bar":"","ocean_shortcode_before_header":"","ocean_shortcode_after_header":"","ocean_has_shortcode":"","ocean_shortcode_after_title":"","ocean_shortcode_before_footer_widgets":"","ocean_shortcode_after_footer_widgets":"","ocean_shortcode_before_footer_bottom":"","ocean_shortcode_after_footer_bottom":"","ocean_display_top_bar":"default","ocean_display_header":"default","ocean_header_style":"","ocean_center_header_left_menu":"","ocean_custom_header_template":"","ocean_custom_logo":0,"ocean_custom_retina_logo":0,"ocean_custom_logo_max_width":0,"ocean_custom_logo_tablet_max_width":0,"ocean_custom_logo_mobile_max_width":0,"ocean_custom_logo_max_height":0,"ocean_custom_logo_tablet_max_height":0,"ocean_custom_logo_mobile_max_height":0,"ocean_header_custom_menu":"","ocean_menu_typo_font_family":"","ocean_menu_typo_font_subset":"","ocean_menu_typo_font_size":0,"ocean_menu_typo_font_size_tablet":0,"ocean_menu_typo_font_size_mobile":0,"ocean_menu_typo_font_size_unit":"px","ocean_menu_typo_font_weight":"","ocean_menu_typo_font_weight_tablet":"","ocean_menu_typo_font_weight_mobile":"","ocean_menu_typo_transform":"","ocean_menu_typo_transform_tablet":"","ocean_menu_typo_transform_mobile":"","ocean_menu_typo_line_height":0,"ocean_menu_typo_line_height_tablet":0,"ocean_menu_typo_line_height_mobile":0,"ocean_menu_typo_line_height_unit":"","ocean_menu_typo_spacing":0,"ocean_menu_typo_spacing_tablet":0,"ocean_menu_typo_spacing_mobile":0,"ocean_menu_typo_spacing_unit":"","ocean_menu_link_color":"","ocean_menu_link_color_hover":"","ocean_menu_link_color_active":"","ocean_menu_link_background":"","ocean_menu_link_hover_background":"","ocean_menu_link_active_background":"","ocean_menu_social_links_bg":"","ocean_menu_social_hover_links_bg":"","ocean_menu_social_links_color":"","ocean_menu_social_hover_links_color":"","ocean_disable_title":"default","ocean_disable_heading":"default","ocean_post_title":"","ocean_post_subheading":"","ocean_post_title_style":"","ocean_post_title_background_color":"","ocean_post_title_background":0,"ocean_post_title_bg_image_position":"","ocean_post_title_bg_image_attachment":"","ocean_post_title_bg_image_repeat":"","ocean_post_title_bg_image_size":"","ocean_post_title_height":0,"ocean_post_title_bg_overlay":0.5,"ocean_post_title_bg_overlay_color":"","ocean_disable_breadcrumbs":"default","ocean_breadcrumbs_color":"","ocean_breadcrumbs_separator_color":"","ocean_breadcrumbs_links_color":"","ocean_breadcrumbs_links_hover_color":"","ocean_display_footer_widgets":"default","ocean_display_footer_bottom":"default","ocean_custom_footer_template":""},"pwb-brand":[61],"product_brand":[],"product_cat":[53],"product_tag":[],"class_list":{"0":"post-16190","1":"product","2":"type-product","3":"status-publish","4":"has-post-thumbnail","6":"pwb-brand-3m","7":"product_cat-restauracion","9":"entry","10":"has-media","12":"first","13":"instock","14":"shipping-taxable","15":"purchasable","16":"product-type-simple","17":"has-product-nav","18":"col","19":"span_1_of_3","20":"owp-content-center","21":"owp-thumbs-layout-horizontal","22":"owp-btn-normal","23":"owp-tabs-layout-horizontal","24":"has-no-thumbnails"},"brands":[{"id":61,"name":"3M","slug":"3m"}],"_links":{"self":[{"href":"https:\/\/trema.cl\/dental\/wp-json\/wp\/v2\/product\/16190","targetHints":{"allow":["GET"]}}],"collection":[{"href":"https:\/\/trema.cl\/dental\/wp-json\/wp\/v2\/product"}],"about":[{"href":"https:\/\/trema.cl\/dental\/wp-json\/wp\/v2\/types\/product"}],"version-history":[{"count":1,"href":"https:\/\/trema.cl\/dental\/wp-json\/wp\/v2\/product\/16190\/revisions"}],"predecessor-version":[{"id":16192,"href":"https:\/\/trema.cl\/dental\/wp-json\/wp\/v2\/product\/16190\/revisions\/16192"}],"wp:featuredmedia":[{"embeddable":true,"href":"https:\/\/trema.cl\/dental\/wp-json\/wp\/v2\/media\/16191"}],"wp:attachment":[{"href":"https:\/\/trema.cl\/dental\/wp-json\/wp\/v2\/media?parent=16190"}],"wp:term":[{"taxonomy":"pwb-brand","embeddable":true,"href":"https:\/\/trema.cl\/dental\/wp-json\/wp\/v2\/pwb-brand?post=16190"},{"taxonomy":"product_brand","embeddable":true,"href":"https:\/\/trema.cl\/dental\/wp-json\/wp\/v2\/product_brand?post=16190"},{"taxonomy":"product_cat","embeddable":true,"href":"https:\/\/trema.cl\/dental\/wp-json\/wp\/v2\/product_cat?post=16190"},{"taxonomy":"product_tag","embeddable":true,"href":"https:\/\/trema.cl\/dental\/wp-json\/wp\/v2\/product_tag?post=16190"}],"curies":[{"name":"wp","href":"https:\/\/api.w.org\/{rel}","templated":true}]}}