{"id":16016,"date":"2025-01-22T16:42:15","date_gmt":"2025-01-22T19:42:15","guid":{"rendered":"https:\/\/trema.cl\/dental\/?post_type=product&#038;p=16016"},"modified":"2025-01-22T16:42:16","modified_gmt":"2025-01-22T19:42:16","slug":"perno-fibra-de-vidrio-fiber-post-n-2-maquira","status":"publish","type":"product","link":"https:\/\/trema.cl\/dental\/producto\/perno-fibra-de-vidrio-fiber-post-n-2-maquira\/","title":{"rendered":"Perno Fibra de Vidrio Fiber Post N\u00b0 2 \u2013 Maquira"},"content":{"rendered":"<ul>\n<li style=\"text-align: left\">Indicado para la reconstrucci\u00f3n de dientes que sufrieron tratamiento endod\u00f3ntico y necesitan restauraci\u00f3n.<\/li>\n<li style=\"text-align: left\">Fabricado con una matriz resinosa a base de fibra de vidrio y resina epoxi.<\/li>\n<li style=\"text-align: left\">Excelente translucidez, los pernos poseen una alta conductividad de luz.<\/li>\n<li style=\"text-align: left\">M\u00f3dulo de elasticidad cercano al de la dentina.<\/li>\n<li style=\"text-align: left\">Disponible en los tama\u00f1os: N\u00b0 0.5, N\u00b0 1.<\/li>\n<li style=\"text-align: left\">Fabricado con una matriz resinosa a base de fibra de vidrio y resina epoxi.<\/li>\n<li style=\"text-align: left\">Excelente translucidez, los pernos poseen una alta conductividad de luz.<\/li>\n<li style=\"text-align: left\">M\u00f3dulo de elasticidad cercano al de la dentina.<\/li>\n<\/ul>\n","protected":false},"excerpt":{"rendered":"<h3>Unidad : Blister con 5 Pernos N\u00b0 2<\/h3>\n<p><img decoding=\"async\" class=\"\" src=\"https:\/\/dentalpluschile.cl\/img\/m\/37.jpg\" alt=\"Restaurador Temporal Fotocurable Applic A3 2 Jer. 2 grs. Maquira\" width=\"245\" height=\"94\" \/><\/p>\n","protected":false},"featured_media":16017,"template":"","meta":{"ocean_post_layout":"","ocean_both_sidebars_style":"","ocean_both_sidebars_content_width":0,"ocean_both_sidebars_sidebars_width":0,"ocean_sidebar":"","ocean_second_sidebar":"","ocean_disable_margins":"enable","ocean_add_body_class":"","ocean_shortcode_before_top_bar":"","ocean_shortcode_after_top_bar":"","ocean_shortcode_before_header":"","ocean_shortcode_after_header":"","ocean_has_shortcode":"","ocean_shortcode_after_title":"","ocean_shortcode_before_footer_widgets":"","ocean_shortcode_after_footer_widgets":"","ocean_shortcode_before_footer_bottom":"","ocean_shortcode_after_footer_bottom":"","ocean_display_top_bar":"default","ocean_display_header":"default","ocean_header_style":"","ocean_center_header_left_menu":"","ocean_custom_header_template":"","ocean_custom_logo":0,"ocean_custom_retina_logo":0,"ocean_custom_logo_max_width":0,"ocean_custom_logo_tablet_max_width":0,"ocean_custom_logo_mobile_max_width":0,"ocean_custom_logo_max_height":0,"ocean_custom_logo_tablet_max_height":0,"ocean_custom_logo_mobile_max_height":0,"ocean_header_custom_menu":"","ocean_menu_typo_font_family":"","ocean_menu_typo_font_subset":"","ocean_menu_typo_font_size":0,"ocean_menu_typo_font_size_tablet":0,"ocean_menu_typo_font_size_mobile":0,"ocean_menu_typo_font_size_unit":"px","ocean_menu_typo_font_weight":"","ocean_menu_typo_font_weight_tablet":"","ocean_menu_typo_font_weight_mobile":"","ocean_menu_typo_transform":"","ocean_menu_typo_transform_tablet":"","ocean_menu_typo_transform_mobile":"","ocean_menu_typo_line_height":0,"ocean_menu_typo_line_height_tablet":0,"ocean_menu_typo_line_height_mobile":0,"ocean_menu_typo_line_height_unit":"","ocean_menu_typo_spacing":0,"ocean_menu_typo_spacing_tablet":0,"ocean_menu_typo_spacing_mobile":0,"ocean_menu_typo_spacing_unit":"","ocean_menu_link_color":"","ocean_menu_link_color_hover":"","ocean_menu_link_color_active":"","ocean_menu_link_background":"","ocean_menu_link_hover_background":"","ocean_menu_link_active_background":"","ocean_menu_social_links_bg":"","ocean_menu_social_hover_links_bg":"","ocean_menu_social_links_color":"","ocean_menu_social_hover_links_color":"","ocean_disable_title":"default","ocean_disable_heading":"default","ocean_post_title":"","ocean_post_subheading":"","ocean_post_title_style":"","ocean_post_title_background_color":"","ocean_post_title_background":0,"ocean_post_title_bg_image_position":"","ocean_post_title_bg_image_attachment":"","ocean_post_title_bg_image_repeat":"","ocean_post_title_bg_image_size":"","ocean_post_title_height":0,"ocean_post_title_bg_overlay":0.5,"ocean_post_title_bg_overlay_color":"","ocean_disable_breadcrumbs":"default","ocean_breadcrumbs_color":"","ocean_breadcrumbs_separator_color":"","ocean_breadcrumbs_links_color":"","ocean_breadcrumbs_links_hover_color":"","ocean_display_footer_widgets":"default","ocean_display_footer_bottom":"default","ocean_custom_footer_template":""},"pwb-brand":[],"product_brand":[],"product_cat":[15],"product_tag":[],"class_list":{"0":"post-16016","1":"product","2":"type-product","3":"status-publish","4":"has-post-thumbnail","6":"product_cat-todo","8":"entry","9":"has-media","11":"first","12":"instock","13":"shipping-taxable","14":"purchasable","15":"product-type-simple","16":"has-product-nav","17":"col","18":"span_1_of_3","19":"owp-content-center","20":"owp-thumbs-layout-horizontal","21":"owp-btn-normal","22":"owp-tabs-layout-horizontal","23":"has-no-thumbnails"},"brands":[],"_links":{"self":[{"href":"https:\/\/trema.cl\/dental\/wp-json\/wp\/v2\/product\/16016","targetHints":{"allow":["GET"]}}],"collection":[{"href":"https:\/\/trema.cl\/dental\/wp-json\/wp\/v2\/product"}],"about":[{"href":"https:\/\/trema.cl\/dental\/wp-json\/wp\/v2\/types\/product"}],"version-history":[{"count":1,"href":"https:\/\/trema.cl\/dental\/wp-json\/wp\/v2\/product\/16016\/revisions"}],"predecessor-version":[{"id":16019,"href":"https:\/\/trema.cl\/dental\/wp-json\/wp\/v2\/product\/16016\/revisions\/16019"}],"wp:featuredmedia":[{"embeddable":true,"href":"https:\/\/trema.cl\/dental\/wp-json\/wp\/v2\/media\/16017"}],"wp:attachment":[{"href":"https:\/\/trema.cl\/dental\/wp-json\/wp\/v2\/media?parent=16016"}],"wp:term":[{"taxonomy":"pwb-brand","embeddable":true,"href":"https:\/\/trema.cl\/dental\/wp-json\/wp\/v2\/pwb-brand?post=16016"},{"taxonomy":"product_brand","embeddable":true,"href":"https:\/\/trema.cl\/dental\/wp-json\/wp\/v2\/product_brand?post=16016"},{"taxonomy":"product_cat","embeddable":true,"href":"https:\/\/trema.cl\/dental\/wp-json\/wp\/v2\/product_cat?post=16016"},{"taxonomy":"product_tag","embeddable":true,"href":"https:\/\/trema.cl\/dental\/wp-json\/wp\/v2\/product_tag?post=16016"}],"curies":[{"name":"wp","href":"https:\/\/api.w.org\/{rel}","templated":true}]}}