{"id":15637,"date":"2024-11-20T11:34:47","date_gmt":"2024-11-20T14:34:47","guid":{"rendered":"https:\/\/trema.cl\/dental\/?post_type=product&#038;p=15637"},"modified":"2024-11-20T11:50:30","modified_gmt":"2024-11-20T14:50:30","slug":"acrilico-duralay-color-66-kit-polvo-liquido-2-onzas","status":"publish","type":"product","link":"https:\/\/trema.cl\/dental\/producto\/acrilico-duralay-color-66-kit-polvo-liquido-2-onzas\/","title":{"rendered":"Acrilico Duralay Color 66 &#8211; Kit (Polvo-Liquido) 2 Onzas"},"content":{"rendered":"<p style=\"text-align: left\">Reliance Dental es reconocido por fabricar solo productos de la m\u00e1s alta calidad y brindar atenci\u00f3n personalizada a cada cliente. Desde nuestra resina patr\u00f3n DuraLay y productos de coronas y puentes temporales, hasta el acr\u00edlico de relleno temporal DuraSeal, hasta nuestra l\u00ednea de materiales para rebase y rebase de dentaduras con la marca Dura, cada producto garantiza la satisfacci\u00f3n completa tanto de los dentistas como de los pacientes. Estamos totalmente certificados por ISO y cumplimos rigurosamente con todos los requisitos de la industria<\/p>\n<p>&nbsp;<\/p>\n","protected":false},"excerpt":{"rendered":"<h3>Duralay Color 66 &#8211; Kit (Polvo-Liquido) 2 Onzas<\/h3>\n<p><img decoding=\"async\" class=\"\" src=\"https:\/\/www.reliancedental.net\/web\/image\/website\/1\/logo\/Reliance%20Dental%20Manufacturing?unique=73b0cdc\" alt=\"DURALAY TEMPORARY CROWN &amp; BRIDGE STANDARD PACKAGE | Reliance Dental  Manufacturing\" width=\"341\" height=\"88\" \/><\/p>\n<p>&nbsp;<\/p>\n","protected":false},"featured_media":15638,"template":"","meta":{"ocean_post_layout":"","ocean_both_sidebars_style":"","ocean_both_sidebars_content_width":0,"ocean_both_sidebars_sidebars_width":0,"ocean_sidebar":"","ocean_second_sidebar":"","ocean_disable_margins":"enable","ocean_add_body_class":"","ocean_shortcode_before_top_bar":"","ocean_shortcode_after_top_bar":"","ocean_shortcode_before_header":"","ocean_shortcode_after_header":"","ocean_has_shortcode":"","ocean_shortcode_after_title":"","ocean_shortcode_before_footer_widgets":"","ocean_shortcode_after_footer_widgets":"","ocean_shortcode_before_footer_bottom":"","ocean_shortcode_after_footer_bottom":"","ocean_display_top_bar":"default","ocean_display_header":"default","ocean_header_style":"","ocean_center_header_left_menu":"","ocean_custom_header_template":"","ocean_custom_logo":0,"ocean_custom_retina_logo":0,"ocean_custom_logo_max_width":0,"ocean_custom_logo_tablet_max_width":0,"ocean_custom_logo_mobile_max_width":0,"ocean_custom_logo_max_height":0,"ocean_custom_logo_tablet_max_height":0,"ocean_custom_logo_mobile_max_height":0,"ocean_header_custom_menu":"","ocean_menu_typo_font_family":"","ocean_menu_typo_font_subset":"","ocean_menu_typo_font_size":0,"ocean_menu_typo_font_size_tablet":0,"ocean_menu_typo_font_size_mobile":0,"ocean_menu_typo_font_size_unit":"px","ocean_menu_typo_font_weight":"","ocean_menu_typo_font_weight_tablet":"","ocean_menu_typo_font_weight_mobile":"","ocean_menu_typo_transform":"","ocean_menu_typo_transform_tablet":"","ocean_menu_typo_transform_mobile":"","ocean_menu_typo_line_height":0,"ocean_menu_typo_line_height_tablet":0,"ocean_menu_typo_line_height_mobile":0,"ocean_menu_typo_line_height_unit":"","ocean_menu_typo_spacing":0,"ocean_menu_typo_spacing_tablet":0,"ocean_menu_typo_spacing_mobile":0,"ocean_menu_typo_spacing_unit":"","ocean_menu_link_color":"","ocean_menu_link_color_hover":"","ocean_menu_link_color_active":"","ocean_menu_link_background":"","ocean_menu_link_hover_background":"","ocean_menu_link_active_background":"","ocean_menu_social_links_bg":"","ocean_menu_social_hover_links_bg":"","ocean_menu_social_links_color":"","ocean_menu_social_hover_links_color":"","ocean_disable_title":"default","ocean_disable_heading":"default","ocean_post_title":"","ocean_post_subheading":"","ocean_post_title_style":"","ocean_post_title_background_color":"","ocean_post_title_background":0,"ocean_post_title_bg_image_position":"","ocean_post_title_bg_image_attachment":"","ocean_post_title_bg_image_repeat":"","ocean_post_title_bg_image_size":"","ocean_post_title_height":0,"ocean_post_title_bg_overlay":0.5,"ocean_post_title_bg_overlay_color":"","ocean_disable_breadcrumbs":"default","ocean_breadcrumbs_color":"","ocean_breadcrumbs_separator_color":"","ocean_breadcrumbs_links_color":"","ocean_breadcrumbs_links_hover_color":"","ocean_display_footer_widgets":"default","ocean_display_footer_bottom":"default","ocean_custom_footer_template":""},"pwb-brand":[],"product_brand":[],"product_cat":[49],"product_tag":[],"class_list":{"0":"post-15637","1":"product","2":"type-product","3":"status-publish","4":"has-post-thumbnail","6":"product_cat-laboratorio","8":"entry","9":"has-media","11":"first","12":"instock","13":"shipping-taxable","14":"purchasable","15":"product-type-simple","16":"has-product-nav","17":"col","18":"span_1_of_3","19":"owp-content-center","20":"owp-thumbs-layout-horizontal","21":"owp-btn-normal","22":"owp-tabs-layout-horizontal","23":"has-no-thumbnails"},"brands":[],"_links":{"self":[{"href":"https:\/\/trema.cl\/dental\/wp-json\/wp\/v2\/product\/15637","targetHints":{"allow":["GET"]}}],"collection":[{"href":"https:\/\/trema.cl\/dental\/wp-json\/wp\/v2\/product"}],"about":[{"href":"https:\/\/trema.cl\/dental\/wp-json\/wp\/v2\/types\/product"}],"version-history":[{"count":3,"href":"https:\/\/trema.cl\/dental\/wp-json\/wp\/v2\/product\/15637\/revisions"}],"predecessor-version":[{"id":15641,"href":"https:\/\/trema.cl\/dental\/wp-json\/wp\/v2\/product\/15637\/revisions\/15641"}],"wp:featuredmedia":[{"embeddable":true,"href":"https:\/\/trema.cl\/dental\/wp-json\/wp\/v2\/media\/15638"}],"wp:attachment":[{"href":"https:\/\/trema.cl\/dental\/wp-json\/wp\/v2\/media?parent=15637"}],"wp:term":[{"taxonomy":"pwb-brand","embeddable":true,"href":"https:\/\/trema.cl\/dental\/wp-json\/wp\/v2\/pwb-brand?post=15637"},{"taxonomy":"product_brand","embeddable":true,"href":"https:\/\/trema.cl\/dental\/wp-json\/wp\/v2\/product_brand?post=15637"},{"taxonomy":"product_cat","embeddable":true,"href":"https:\/\/trema.cl\/dental\/wp-json\/wp\/v2\/product_cat?post=15637"},{"taxonomy":"product_tag","embeddable":true,"href":"https:\/\/trema.cl\/dental\/wp-json\/wp\/v2\/product_tag?post=15637"}],"curies":[{"name":"wp","href":"https:\/\/api.w.org\/{rel}","templated":true}]}}