{"id":15626,"date":"2024-11-19T09:17:16","date_gmt":"2024-11-19T12:17:16","guid":{"rendered":"https:\/\/trema.cl\/dental\/?post_type=product&#038;p=15626"},"modified":"2026-03-20T10:35:20","modified_gmt":"2026-03-20T13:35:20","slug":"diamond-excel-pasta-para-pulir-jeringa-2grs-fgm","status":"publish","type":"product","link":"https:\/\/trema.cl\/dental\/producto\/diamond-excel-pasta-para-pulir-jeringa-2grs-fgm\/","title":{"rendered":"Diamond Excel Pasta Para Pulir Jeringa 2Grs. &#8211; FGM"},"content":{"rendered":"<div class=\"elementor-element elementor-element-4be52f09 elementor-widget elementor-widget-theme-post-title elementor-page-title elementor-widget-heading\" data-id=\"4be52f09\" data-element_type=\"widget\" data-widget_type=\"theme-post-title.default\">\n<div class=\"elementor-widget-container\">\n<h1 class=\"elementor-heading-title elementor-size-default\" style=\"text-align: left\">Diamond Excel<\/h1>\n<\/div>\n<\/div>\n<div class=\"elementor-element elementor-element-6729a95d elementor-widget elementor-widget-jet-listing-dynamic-field\" data-id=\"6729a95d\" data-element_type=\"widget\" data-widget_type=\"jet-listing-dynamic-field.default\">\n<div class=\"elementor-widget-container\">\n<div class=\"jet-listing jet-listing-dynamic-field display-inline\">\n<div class=\"jet-listing-dynamic-field__inline-wrap\">\n<div class=\"jet-listing-dynamic-field__content\">\n<p style=\"text-align: left\">Pasta de pulir a base de diamante micronizado de grano extrafino (2 a 4 microns).<\/p>\n<ul style=\"text-align: left\">\n<li>Pulido Universal.<\/li>\n<li><span class=\"cf0\">Alt\u00edsima dureza para atender a las exigencias de pulimento y brillo de porcelana, esmalte dental, resinas y otros materiales restauradores.<\/span><\/li>\n<li><span class=\"cf0\">Solubles em agua: Auxilia en la lubricaci\u00f3n durante el pulimento (minimizando la generaci\u00f3n de calor durante el procedimiento) y facilitar su remoci\u00f3n al final del procedimiento.<\/span><\/li>\n<li><span class=\"cf0\">Viscosidad media.<\/span><\/li>\n<li><span class=\"cf0\">No son susceptibles a la acci\u00f3n del calor (no derriten con el calor).<\/span><\/li>\n<\/ul>\n<div class=\"elementor-element elementor-element-757d993f jedv-enabled--yes e-flex e-con-boxed e-con e-parent e-lazyloaded\" style=\"text-align: left\" data-id=\"757d993f\" data-element_type=\"container\" data-settings=\"{&quot;jet_parallax_layout_list&quot;:[],&quot;background_background&quot;:&quot;gradient&quot;}\">\n<div class=\"e-con-inner\">\n<div class=\"elementor-element elementor-element-154a29bd elementor-widget elementor-widget-heading\" data-id=\"154a29bd\" data-element_type=\"widget\" data-widget_type=\"heading.default\">\n<div class=\"elementor-widget-container\">\n<h2 class=\"elementor-heading-title elementor-size-default\">Beneficios<\/h2>\n<\/div>\n<\/div>\n<div class=\"elementor-element elementor-element-7837e7df elementor-widget elementor-widget-jet-listing-dynamic-repeater\" data-id=\"7837e7df\" data-element_type=\"widget\" data-widget_type=\"jet-listing-dynamic-repeater.default\">\n<div class=\"elementor-widget-container\">\n<div class=\"jet-listing jet-listing-dynamic-repeater\">\n<div class=\"jet-listing-dynamic-repeater__items \">\n<div id=\"benefits-wrapper\">\n<div class=\"jet-listing-dynamic-repeater__item\">\n<div>\n<p><strong>Pulido Universal<\/strong><br \/>\nSe puede utilizar con todos los materiales de restauraci\u00f3n.<\/p>\n<\/div>\n<\/div>\n<div class=\"jet-listing-dynamic-repeater__item\">\n<div>\n<p><strong>Soluble en agua<\/strong><br \/>\nF\u00e1cil eliminaci\u00f3n.<\/p>\n<\/div>\n<\/div>\n<div class=\"jet-listing-dynamic-repeater__item\">\n<div>\n<p><strong>efecto tixotr\u00f3pico<\/strong><br \/>\nNo fluye desde el \u00e1rea aplicada.<\/p>\n<\/div>\n<\/div>\n<\/div>\n<\/div>\n<\/div>\n<\/div>\n<\/div>\n<\/div>\n<\/div>\n<div class=\"elementor-element elementor-element-37daccc9 jedv-enabled--yes e-flex e-con-boxed e-con e-parent e-lazyloaded\" data-id=\"37daccc9\" data-element_type=\"container\" data-settings=\"{&quot;background_background&quot;:&quot;gradient&quot;,&quot;jet_parallax_layout_list&quot;:[]}\">\n<div class=\"e-con-inner\">\n<div class=\"elementor-element elementor-element-2bb9e687 elementor-widget elementor-widget-heading\" style=\"text-align: left\" data-id=\"2bb9e687\" data-element_type=\"widget\" data-widget_type=\"heading.default\">\n<div class=\"elementor-widget-container\">\n<p>&nbsp;<\/p>\n<h2 class=\"elementor-heading-title elementor-size-default\">Indicaciones<\/h2>\n<\/div>\n<\/div>\n<div class=\"elementor-element elementor-element-7da3fa00 elementor-widget elementor-widget-jet-listing-dynamic-repeater\" data-id=\"7da3fa00\" data-element_type=\"widget\" data-widget_type=\"jet-listing-dynamic-repeater.default\">\n<div class=\"elementor-widget-container\">\n<div class=\"jet-listing jet-listing-dynamic-repeater\">\n<div class=\"jet-listing-dynamic-repeater__items \">\n<div id=\"benefits-wrapper\">\n<div class=\"jet-listing-dynamic-repeater__item\">\n<div>\n<p style=\"text-align: left\">Indicada para dar pulimento en materiales restauradores en general, especialmente em porcelanas, con auxilio de los discos de fieltro Diamond o Diamond Flex.<\/p>\n<\/div>\n<\/div>\n<\/div>\n<\/div>\n<\/div>\n<\/div>\n<\/div>\n<\/div>\n<\/div>\n<\/div>\n<\/div>\n<\/div>\n<\/div>\n<\/div>\n","protected":false},"excerpt":{"rendered":"<div class=\"elementor-element elementor-element-4be52f09 elementor-widget elementor-widget-theme-post-title elementor-page-title elementor-widget-heading\" data-id=\"4be52f09\" data-element_type=\"widget\" data-widget_type=\"theme-post-title.default\">\n<div class=\"elementor-widget-container\">\n<h1 class=\"elementor-heading-title elementor-size-default\" style=\"text-align: left\">Diamond Excel<\/h1>\n<\/div>\n<\/div>\n<div class=\"elementor-element elementor-element-6729a95d elementor-widget elementor-widget-jet-listing-dynamic-field\" data-id=\"6729a95d\" data-element_type=\"widget\" data-widget_type=\"jet-listing-dynamic-field.default\">\n<div class=\"elementor-widget-container\">\n<div class=\"jet-listing jet-listing-dynamic-field display-inline\">\n<div class=\"jet-listing-dynamic-field__inline-wrap\">\n<div class=\"jet-listing-dynamic-field__content\">\n<h3 style=\"text-align: left\">Pasta de pulir a base de diamante micronizado de grano extrafino.<\/h3>\n<h4>Unidad : Jeringa de 2 Grs.<\/h4>\n<p>&nbsp;<\/p>\n<p><img decoding=\"async\" class=\"\" src=\"https:\/\/fgmdentalgroup.com\/wp-content\/uploads\/2023\/07\/logo-fgm-dg-1-1.png\" alt=\"FGM Dental Group - L\u00edder en Blanqueamiento Dental\" width=\"201\" height=\"90\" \/><\/p>\n<\/div>\n<\/div>\n<\/div>\n<\/div>\n<\/div>\n","protected":false},"featured_media":15627,"template":"","meta":{"ocean_post_layout":"","ocean_both_sidebars_style":"","ocean_both_sidebars_content_width":0,"ocean_both_sidebars_sidebars_width":0,"ocean_sidebar":"","ocean_second_sidebar":"","ocean_disable_margins":"enable","ocean_add_body_class":"","ocean_shortcode_before_top_bar":"","ocean_shortcode_after_top_bar":"","ocean_shortcode_before_header":"","ocean_shortcode_after_header":"","ocean_has_shortcode":"","ocean_shortcode_after_title":"","ocean_shortcode_before_footer_widgets":"","ocean_shortcode_after_footer_widgets":"","ocean_shortcode_before_footer_bottom":"","ocean_shortcode_after_footer_bottom":"","ocean_display_top_bar":"default","ocean_display_header":"default","ocean_header_style":"","ocean_center_header_left_menu":"","ocean_custom_header_template":"","ocean_custom_logo":0,"ocean_custom_retina_logo":0,"ocean_custom_logo_max_width":0,"ocean_custom_logo_tablet_max_width":0,"ocean_custom_logo_mobile_max_width":0,"ocean_custom_logo_max_height":0,"ocean_custom_logo_tablet_max_height":0,"ocean_custom_logo_mobile_max_height":0,"ocean_header_custom_menu":"","ocean_menu_typo_font_family":"","ocean_menu_typo_font_subset":"","ocean_menu_typo_font_size":0,"ocean_menu_typo_font_size_tablet":0,"ocean_menu_typo_font_size_mobile":0,"ocean_menu_typo_font_size_unit":"px","ocean_menu_typo_font_weight":"","ocean_menu_typo_font_weight_tablet":"","ocean_menu_typo_font_weight_mobile":"","ocean_menu_typo_transform":"","ocean_menu_typo_transform_tablet":"","ocean_menu_typo_transform_mobile":"","ocean_menu_typo_line_height":0,"ocean_menu_typo_line_height_tablet":0,"ocean_menu_typo_line_height_mobile":0,"ocean_menu_typo_line_height_unit":"","ocean_menu_typo_spacing":0,"ocean_menu_typo_spacing_tablet":0,"ocean_menu_typo_spacing_mobile":0,"ocean_menu_typo_spacing_unit":"","ocean_menu_link_color":"","ocean_menu_link_color_hover":"","ocean_menu_link_color_active":"","ocean_menu_link_background":"","ocean_menu_link_hover_background":"","ocean_menu_link_active_background":"","ocean_menu_social_links_bg":"","ocean_menu_social_hover_links_bg":"","ocean_menu_social_links_color":"","ocean_menu_social_hover_links_color":"","ocean_disable_title":"default","ocean_disable_heading":"default","ocean_post_title":"","ocean_post_subheading":"","ocean_post_title_style":"","ocean_post_title_background_color":"","ocean_post_title_background":0,"ocean_post_title_bg_image_position":"","ocean_post_title_bg_image_attachment":"","ocean_post_title_bg_image_repeat":"","ocean_post_title_bg_image_size":"","ocean_post_title_height":0,"ocean_post_title_bg_overlay":0.5,"ocean_post_title_bg_overlay_color":"","ocean_disable_breadcrumbs":"default","ocean_breadcrumbs_color":"","ocean_breadcrumbs_separator_color":"","ocean_breadcrumbs_links_color":"","ocean_breadcrumbs_links_hover_color":"","ocean_display_footer_widgets":"default","ocean_display_footer_bottom":"default","ocean_custom_footer_template":""},"pwb-brand":[31],"product_brand":[],"product_cat":[64],"product_tag":[],"class_list":{"0":"post-15626","1":"product","2":"type-product","3":"status-publish","4":"has-post-thumbnail","6":"pwb-brand-fgm-dental-group","7":"product_cat-operatoria","9":"entry","10":"has-media","12":"first","13":"instock","14":"shipping-taxable","15":"purchasable","16":"product-type-simple","17":"has-product-nav","18":"col","19":"span_1_of_3","20":"owp-content-center","21":"owp-thumbs-layout-horizontal","22":"owp-btn-normal","23":"owp-tabs-layout-horizontal","24":"has-no-thumbnails"},"brands":[{"id":31,"name":"FGM DENTAL","slug":"fgm-dental-group"}],"_links":{"self":[{"href":"https:\/\/trema.cl\/dental\/wp-json\/wp\/v2\/product\/15626","targetHints":{"allow":["GET"]}}],"collection":[{"href":"https:\/\/trema.cl\/dental\/wp-json\/wp\/v2\/product"}],"about":[{"href":"https:\/\/trema.cl\/dental\/wp-json\/wp\/v2\/types\/product"}],"version-history":[{"count":2,"href":"https:\/\/trema.cl\/dental\/wp-json\/wp\/v2\/product\/15626\/revisions"}],"predecessor-version":[{"id":15630,"href":"https:\/\/trema.cl\/dental\/wp-json\/wp\/v2\/product\/15626\/revisions\/15630"}],"wp:featuredmedia":[{"embeddable":true,"href":"https:\/\/trema.cl\/dental\/wp-json\/wp\/v2\/media\/15627"}],"wp:attachment":[{"href":"https:\/\/trema.cl\/dental\/wp-json\/wp\/v2\/media?parent=15626"}],"wp:term":[{"taxonomy":"pwb-brand","embeddable":true,"href":"https:\/\/trema.cl\/dental\/wp-json\/wp\/v2\/pwb-brand?post=15626"},{"taxonomy":"product_brand","embeddable":true,"href":"https:\/\/trema.cl\/dental\/wp-json\/wp\/v2\/product_brand?post=15626"},{"taxonomy":"product_cat","embeddable":true,"href":"https:\/\/trema.cl\/dental\/wp-json\/wp\/v2\/product_cat?post=15626"},{"taxonomy":"product_tag","embeddable":true,"href":"https:\/\/trema.cl\/dental\/wp-json\/wp\/v2\/product_tag?post=15626"}],"curies":[{"name":"wp","href":"https:\/\/api.w.org\/{rel}","templated":true}]}}