{"id":14919,"date":"2024-08-26T17:28:15","date_gmt":"2024-08-26T20:28:15","guid":{"rendered":"https:\/\/trema.cl\/dental\/?post_type=product&#038;p=14919"},"modified":"2026-03-30T02:01:33","modified_gmt":"2026-03-30T05:01:33","slug":"matrices-supercap-carrete-5-6mm","status":"publish","type":"product","link":"https:\/\/trema.cl\/dental\/producto\/matrices-supercap-carrete-5-6mm\/","title":{"rendered":"Matrices Supercap Carrete 5.6mm"},"content":{"rendered":"<h3>Matrices Supercap<\/h3>\n<p><strong>SuperCap<\/strong>\u00a0de Kerr Dental es un componente esencial dise\u00f1ado para ser utilizado con las matrices SuperMat de Kerr. Este producto es clave en los procedimientos de restauraci\u00f3n dental, donde la precisi\u00f3n y la facilidad de uso son fundamentales.<\/p>\n<p>Caracter\u00edsticas y Ventajas:<\/p>\n<ul>\n<li><strong>Compatibilidad con SuperMat<\/strong>: El SuperCap est\u00e1 dise\u00f1ado para ser utilizado con la gama SuperMat de matrices de Kerr, lo que garantiza una integraci\u00f3n y compatibilidad perfectas con otros productos de Kerr\u200b\u200b.<\/li>\n<li><strong>Facilidad de Uso<\/strong>: Pensado para simplificar los procedimientos de restauraci\u00f3n dental, es un ejemplo del compromiso de Kerr con la eficiencia y la practicidad en sus productos.<\/li>\n<li><strong>Calidad de Kerr<\/strong>: Como parte de la gama de productos de Kerr, una marca conocida por su calidad y fiabilidad, representa lo mejor en t\u00e9rminos de innovaci\u00f3n y desempe\u00f1o en el \u00e1mbito dental.<\/li>\n<\/ul>\n<p><img decoding=\"async\" class=\"\" src=\"https:\/\/trema.cl\/dental\/wp-content\/uploads\/2023\/07\/kerr_logo4.png\" width=\"208\" height=\"89\" \/><\/p>\n","protected":false},"excerpt":{"rendered":"<h3>Matrices Supercap Carrete<\/h3>\n<h3>Unidad:\u00a0 100 Unidades X\u00a0 5.6mm<\/h3>\n<p><img decoding=\"async\" class=\"\" src=\"https:\/\/trema.cl\/dental\/wp-content\/uploads\/2023\/07\/kerr_logo4.png\" width=\"213\" height=\"91\" \/><\/p>\n","protected":false},"featured_media":14920,"template":"","meta":{"ocean_post_layout":"","ocean_both_sidebars_style":"","ocean_both_sidebars_content_width":0,"ocean_both_sidebars_sidebars_width":0,"ocean_sidebar":"","ocean_second_sidebar":"","ocean_disable_margins":"enable","ocean_add_body_class":"","ocean_shortcode_before_top_bar":"","ocean_shortcode_after_top_bar":"","ocean_shortcode_before_header":"","ocean_shortcode_after_header":"","ocean_has_shortcode":"","ocean_shortcode_after_title":"","ocean_shortcode_before_footer_widgets":"","ocean_shortcode_after_footer_widgets":"","ocean_shortcode_before_footer_bottom":"","ocean_shortcode_after_footer_bottom":"","ocean_display_top_bar":"default","ocean_display_header":"default","ocean_header_style":"","ocean_center_header_left_menu":"","ocean_custom_header_template":"","ocean_custom_logo":0,"ocean_custom_retina_logo":0,"ocean_custom_logo_max_width":0,"ocean_custom_logo_tablet_max_width":0,"ocean_custom_logo_mobile_max_width":0,"ocean_custom_logo_max_height":0,"ocean_custom_logo_tablet_max_height":0,"ocean_custom_logo_mobile_max_height":0,"ocean_header_custom_menu":"","ocean_menu_typo_font_family":"","ocean_menu_typo_font_subset":"","ocean_menu_typo_font_size":0,"ocean_menu_typo_font_size_tablet":0,"ocean_menu_typo_font_size_mobile":0,"ocean_menu_typo_font_size_unit":"px","ocean_menu_typo_font_weight":"","ocean_menu_typo_font_weight_tablet":"","ocean_menu_typo_font_weight_mobile":"","ocean_menu_typo_transform":"","ocean_menu_typo_transform_tablet":"","ocean_menu_typo_transform_mobile":"","ocean_menu_typo_line_height":0,"ocean_menu_typo_line_height_tablet":0,"ocean_menu_typo_line_height_mobile":0,"ocean_menu_typo_line_height_unit":"","ocean_menu_typo_spacing":0,"ocean_menu_typo_spacing_tablet":0,"ocean_menu_typo_spacing_mobile":0,"ocean_menu_typo_spacing_unit":"","ocean_menu_link_color":"","ocean_menu_link_color_hover":"","ocean_menu_link_color_active":"","ocean_menu_link_background":"","ocean_menu_link_hover_background":"","ocean_menu_link_active_background":"","ocean_menu_social_links_bg":"","ocean_menu_social_hover_links_bg":"","ocean_menu_social_links_color":"","ocean_menu_social_hover_links_color":"","ocean_disable_title":"default","ocean_disable_heading":"default","ocean_post_title":"","ocean_post_subheading":"","ocean_post_title_style":"","ocean_post_title_background_color":"","ocean_post_title_background":0,"ocean_post_title_bg_image_position":"","ocean_post_title_bg_image_attachment":"","ocean_post_title_bg_image_repeat":"","ocean_post_title_bg_image_size":"","ocean_post_title_height":0,"ocean_post_title_bg_overlay":0.5,"ocean_post_title_bg_overlay_color":"","ocean_disable_breadcrumbs":"default","ocean_breadcrumbs_color":"","ocean_breadcrumbs_separator_color":"","ocean_breadcrumbs_links_color":"","ocean_breadcrumbs_links_hover_color":"","ocean_display_footer_widgets":"default","ocean_display_footer_bottom":"default","ocean_custom_footer_template":""},"pwb-brand":[22],"product_brand":[],"product_cat":[64],"product_tag":[],"class_list":{"0":"post-14919","1":"product","2":"type-product","3":"status-publish","4":"has-post-thumbnail","6":"pwb-brand-kerr","7":"product_cat-operatoria","9":"entry","10":"has-media","12":"first","13":"instock","14":"shipping-taxable","15":"purchasable","16":"product-type-simple","17":"has-product-nav","18":"col","19":"span_1_of_3","20":"owp-content-center","21":"owp-thumbs-layout-horizontal","22":"owp-btn-normal","23":"owp-tabs-layout-horizontal","24":"has-no-thumbnails"},"brands":[{"id":22,"name":"KERR","slug":"kerr"}],"_links":{"self":[{"href":"https:\/\/trema.cl\/dental\/wp-json\/wp\/v2\/product\/14919","targetHints":{"allow":["GET"]}}],"collection":[{"href":"https:\/\/trema.cl\/dental\/wp-json\/wp\/v2\/product"}],"about":[{"href":"https:\/\/trema.cl\/dental\/wp-json\/wp\/v2\/types\/product"}],"version-history":[{"count":1,"href":"https:\/\/trema.cl\/dental\/wp-json\/wp\/v2\/product\/14919\/revisions"}],"predecessor-version":[{"id":14921,"href":"https:\/\/trema.cl\/dental\/wp-json\/wp\/v2\/product\/14919\/revisions\/14921"}],"wp:featuredmedia":[{"embeddable":true,"href":"https:\/\/trema.cl\/dental\/wp-json\/wp\/v2\/media\/14920"}],"wp:attachment":[{"href":"https:\/\/trema.cl\/dental\/wp-json\/wp\/v2\/media?parent=14919"}],"wp:term":[{"taxonomy":"pwb-brand","embeddable":true,"href":"https:\/\/trema.cl\/dental\/wp-json\/wp\/v2\/pwb-brand?post=14919"},{"taxonomy":"product_brand","embeddable":true,"href":"https:\/\/trema.cl\/dental\/wp-json\/wp\/v2\/product_brand?post=14919"},{"taxonomy":"product_cat","embeddable":true,"href":"https:\/\/trema.cl\/dental\/wp-json\/wp\/v2\/product_cat?post=14919"},{"taxonomy":"product_tag","embeddable":true,"href":"https:\/\/trema.cl\/dental\/wp-json\/wp\/v2\/product_tag?post=14919"}],"curies":[{"name":"wp","href":"https:\/\/api.w.org\/{rel}","templated":true}]}}