{"id":14056,"date":"2024-07-08T14:15:55","date_gmt":"2024-07-08T17:15:55","guid":{"rendered":"https:\/\/trema.cl\/dental\/?post_type=product&#038;p=14056"},"modified":"2024-10-01T08:09:03","modified_gmt":"2024-10-01T11:09:03","slug":"resina-bis-acrilica-cool-temp-coltene-promocoa","status":"publish","type":"product","link":"https:\/\/trema.cl\/dental\/producto\/resina-bis-acrilica-cool-temp-coltene-promocoa\/","title":{"rendered":"Resina Bis-Acrilica Cool Temp Coltene PROMOCOA"},"content":{"rendered":"<h3>Resina Bis-Acrilica Cool Temp Coltene<\/h3>\n<p>Resina Bisacrilica Indicado para la realizaci\u00f3n de coronas y puentes provisionales.<br \/>\nDescripci\u00f3n: El material en Cartuchos de Coltene para restauraciones provisionales destaca por su facilidad y rapidez durante el periodo de procesamiento. Su baja temperatura de polimerizaci\u00f3n as\u00ed c\u00f3mo su optimizada fase el\u00e1stica permite que el material sea r\u00e1pidamente retirado de la boca, ahorr\u00e1ndole tiempo al odont\u00f3logo sin renunciar a la precisi\u00f3n gracias a la baja contracci\u00f3n del producto.<br \/>\npolimeriza a baja temperatura sin da\u00f1ar, irritar la pulpa o producir cualquier incomodidad, compar\u00e1ndolo con los acr\u00edlicos de polvo-l\u00edquido, los cu\u00e1les no dejan de desprender calor y tener un desagradable olor y sabor.<\/p>\n<h3>Carcter\u00edsticas:<\/h3>\n<p>F\u00e1cil Automezcla<br \/>\nBaja Temperatura de Polimerizaci\u00f3n<br \/>\nTiempo de procesamiento sencillo y fluido<br \/>\nBaja Contracci\u00f3n<br \/>\nExcelente Pulido<br \/>\nContenido:<\/p>\n<p>1 cartucho\u00a0 (50ml)<br \/>\n10 Canulas de Mezcla de Punta Azul<\/p>\n","protected":false},"excerpt":{"rendered":"<h3>Resina Bis-Acrilica Cool Temp Coltene<\/h3>\n<h3>Unidad : 1 cartucho de 50 ml en tonos a elecci\u00f3n A1-A2-A3.5<\/h3>\n<p><img decoding=\"async\" class=\"\" src=\"http:\/\/in-dental.com\/wp-content\/uploads\/2019\/10\/pofcoltene-1-1024x569.png\" alt=\"COLTENE \u2013 RDH Inteligencia Dental SC\" width=\"241\" height=\"134\" \/>\u00a0 <img decoding=\"async\" class=\"\" src=\"https:\/\/www.coadental.com\/storage\/catalogs\/cover_image-xCcJ0PMKhpXt9bO3.jpg\" alt=\"Cat\u00e1logos descargables\" width=\"214\" height=\"157\" \/><\/p>\n<h4>VIGENCIA DE LA OFERTA HASTA EL 30 DE SEPTIEMBRE 2024<\/h4>\n","protected":false},"featured_media":14057,"template":"","meta":{"ocean_post_layout":"","ocean_both_sidebars_style":"","ocean_both_sidebars_content_width":0,"ocean_both_sidebars_sidebars_width":0,"ocean_sidebar":"","ocean_second_sidebar":"","ocean_disable_margins":"enable","ocean_add_body_class":"","ocean_shortcode_before_top_bar":"","ocean_shortcode_after_top_bar":"","ocean_shortcode_before_header":"","ocean_shortcode_after_header":"","ocean_has_shortcode":"","ocean_shortcode_after_title":"","ocean_shortcode_before_footer_widgets":"","ocean_shortcode_after_footer_widgets":"","ocean_shortcode_before_footer_bottom":"","ocean_shortcode_after_footer_bottom":"","ocean_display_top_bar":"default","ocean_display_header":"default","ocean_header_style":"","ocean_center_header_left_menu":"","ocean_custom_header_template":"","ocean_custom_logo":0,"ocean_custom_retina_logo":0,"ocean_custom_logo_max_width":0,"ocean_custom_logo_tablet_max_width":0,"ocean_custom_logo_mobile_max_width":0,"ocean_custom_logo_max_height":0,"ocean_custom_logo_tablet_max_height":0,"ocean_custom_logo_mobile_max_height":0,"ocean_header_custom_menu":"","ocean_menu_typo_font_family":"","ocean_menu_typo_font_subset":"","ocean_menu_typo_font_size":0,"ocean_menu_typo_font_size_tablet":0,"ocean_menu_typo_font_size_mobile":0,"ocean_menu_typo_font_size_unit":"px","ocean_menu_typo_font_weight":"","ocean_menu_typo_font_weight_tablet":"","ocean_menu_typo_font_weight_mobile":"","ocean_menu_typo_transform":"","ocean_menu_typo_transform_tablet":"","ocean_menu_typo_transform_mobile":"","ocean_menu_typo_line_height":0,"ocean_menu_typo_line_height_tablet":0,"ocean_menu_typo_line_height_mobile":0,"ocean_menu_typo_line_height_unit":"","ocean_menu_typo_spacing":0,"ocean_menu_typo_spacing_tablet":0,"ocean_menu_typo_spacing_mobile":0,"ocean_menu_typo_spacing_unit":"","ocean_menu_link_color":"","ocean_menu_link_color_hover":"","ocean_menu_link_color_active":"","ocean_menu_link_background":"","ocean_menu_link_hover_background":"","ocean_menu_link_active_background":"","ocean_menu_social_links_bg":"","ocean_menu_social_hover_links_bg":"","ocean_menu_social_links_color":"","ocean_menu_social_hover_links_color":"","ocean_disable_title":"default","ocean_disable_heading":"default","ocean_post_title":"","ocean_post_subheading":"","ocean_post_title_style":"","ocean_post_title_background_color":"","ocean_post_title_background":0,"ocean_post_title_bg_image_position":"","ocean_post_title_bg_image_attachment":"","ocean_post_title_bg_image_repeat":"","ocean_post_title_bg_image_size":"","ocean_post_title_height":0,"ocean_post_title_bg_overlay":0.5,"ocean_post_title_bg_overlay_color":"","ocean_disable_breadcrumbs":"default","ocean_breadcrumbs_color":"","ocean_breadcrumbs_separator_color":"","ocean_breadcrumbs_links_color":"","ocean_breadcrumbs_links_hover_color":"","ocean_display_footer_widgets":"default","ocean_display_footer_bottom":"default","ocean_custom_footer_template":""},"pwb-brand":[26],"product_brand":[],"product_cat":[49],"product_tag":[],"class_list":{"0":"post-14056","1":"product","2":"type-product","3":"status-publish","4":"has-post-thumbnail","6":"pwb-brand-coltene","7":"product_cat-laboratorio","9":"entry","10":"has-media","12":"first","13":"instock","14":"shipping-taxable","15":"purchasable","16":"product-type-simple","17":"has-product-nav","18":"col","19":"span_1_of_3","20":"owp-content-center","21":"owp-thumbs-layout-horizontal","22":"owp-btn-normal","23":"owp-tabs-layout-horizontal","24":"has-no-thumbnails"},"brands":[{"id":26,"name":"COLTENE","slug":"coltene"}],"_links":{"self":[{"href":"https:\/\/trema.cl\/dental\/wp-json\/wp\/v2\/product\/14056","targetHints":{"allow":["GET"]}}],"collection":[{"href":"https:\/\/trema.cl\/dental\/wp-json\/wp\/v2\/product"}],"about":[{"href":"https:\/\/trema.cl\/dental\/wp-json\/wp\/v2\/types\/product"}],"version-history":[{"count":1,"href":"https:\/\/trema.cl\/dental\/wp-json\/wp\/v2\/product\/14056\/revisions"}],"predecessor-version":[{"id":14058,"href":"https:\/\/trema.cl\/dental\/wp-json\/wp\/v2\/product\/14056\/revisions\/14058"}],"wp:featuredmedia":[{"embeddable":true,"href":"https:\/\/trema.cl\/dental\/wp-json\/wp\/v2\/media\/14057"}],"wp:attachment":[{"href":"https:\/\/trema.cl\/dental\/wp-json\/wp\/v2\/media?parent=14056"}],"wp:term":[{"taxonomy":"pwb-brand","embeddable":true,"href":"https:\/\/trema.cl\/dental\/wp-json\/wp\/v2\/pwb-brand?post=14056"},{"taxonomy":"product_brand","embeddable":true,"href":"https:\/\/trema.cl\/dental\/wp-json\/wp\/v2\/product_brand?post=14056"},{"taxonomy":"product_cat","embeddable":true,"href":"https:\/\/trema.cl\/dental\/wp-json\/wp\/v2\/product_cat?post=14056"},{"taxonomy":"product_tag","embeddable":true,"href":"https:\/\/trema.cl\/dental\/wp-json\/wp\/v2\/product_tag?post=14056"}],"curies":[{"name":"wp","href":"https:\/\/api.w.org\/{rel}","templated":true}]}}